{"id":11,"date":"2020-03-02T11:43:53","date_gmt":"2020-03-02T10:43:53","guid":{"rendered":"https:\/\/op-zentrum-oldenburg.de\/?page_id=11"},"modified":"2020-10-26T20:55:09","modified_gmt":"2020-10-26T19:55:09","slug":"kinder","status":"publish","type":"page","link":"https:\/\/op-zentrum-oldenburg.de\/index.php\/kinder\/","title":{"rendered":"Kinder"},"content":{"rendered":"<div class=\"fusion-fullwidth fullwidth-box fusion-builder-row-1 nonhundred-percent-fullwidth non-hundred-percent-height-scrolling\" style=\"--awb-border-radius-top-left:0px;--awb-border-radius-top-right:0px;--awb-border-radius-bottom-right:0px;--awb-border-radius-bottom-left:0px;--awb-flex-wrap:wrap;\" ><div class=\"fusion-builder-row fusion-row\"><div class=\"fusion-layout-column fusion_builder_column fusion-builder-column-0 fusion_builder_column_2_3 2_3 fusion-two-third fusion-column-first\" style=\"--awb-bg-size:cover;width:66.666666666667%;width:calc(66.666666666667% - ( ( 4% ) * 0.66666666666667 ) );margin-right: 4%;\"><div class=\"fusion-column-wrapper fusion-column-has-shadow fusion-flex-column-wrapper-legacy\"><div class=\"fusion-text fusion-text-1\"><h2>Kinder<\/h2>\n<h2>Hallo Kinder, liebe Jugendlichen und Teens!<\/h2>\n<p>Wir freuen uns, dass Ihr auf unserer Seite st\u00f6bert.<br \/>\nSicherlich steht Euch eine Behandlung in unserer Praxis bevor und Ihr wollt Euch daher \u00fcber uns informieren. Auf unserer Team-Seite k\u00f6nnt Ihr nachsehen, wie wir aussehen. Wenn Ihr dann zu uns in die Praxis kommt, werdet Ihr uns sicher schneller wiedererkennen k\u00f6nnen. Vielleicht wisst Ihr dann auch schon unsere Namen.<\/p>\n<h6>so angenehm wie m\u00f6glich &#8211; versprochen<\/h6>\n<p>Wir sind ein junges Team und die meisten von uns haben selber auch Kinder. Wir wissen daher ganz bestimmt, mit welchen Gedanken Ihr zu uns kommt. Wir wissen aber auch, was f\u00fcr Euch das Beste in dieser Situation ist und geben uns ganz viel M\u00fche, Euch den Aufenthalt bei uns so angenehm wie m\u00f6glich zu machen &#8211; versprochen!<\/p>\n<h6>schickt uns eure Fragen<\/h6>\n<p>Sicherlich habt Ihr eine Menge Fragen, die Euch durch den Kopf gehen. Wenn Ihr sie uns eure Fragen schickt, werden wir Euch darauf antworten.<br \/>\nDann mal los &#8211; \u00fcber diese <a href=\"mailto:kinder@op-zentrum-oldenburg.de\">Kontakt-Email<\/a> k\u00f6nnt ihr uns schreiben.<\/p>\n<h6>eure Kuscheltiere mitbringen<\/h6>\n<p>\u00dcbrigens: Eure Gl\u00fccksbringer und Kuscheltiere k\u00f6nnt Ihr gerne mitbringen, aber nur, wenn Ihr uns vorher verratet, wie sie hei\u00dfen! Denn ohne Namenschild d\u00fcrfen sie nicht in den OP.<\/p>\n<h6>kennnst du schon das Kikaninchen?<\/h6>\n<p>Wenn du Lust hast auf einen kleinen Ausflug in die Welt des <a href=\"https:\/\/www.kikaninchen.de\/kikaninchen\/index.html?version=16128\" target=\"_blank\" rel=\"noopener noreferrer\">Kikaninchens<\/a> ? Dort erwarten dich jede Menge Spiele, Videos, Lieder und Mitmachseiten.<\/p>\n<p>Ein kleines Video dazu kannst du schon hier sehen, da ist n\u00e4mlich ein kleines Krokodil krank geworden&#8230;<\/p>\n<\/div><div class=\"fusion-video fusion-youtube\" style=\"--awb-max-width:640px;--awb-max-height:360px;\"><div class=\"video-shortcode\"><div class=\"fluid-width-video-wrapper\" style=\"padding-top:56.25%;\" > <div class=\"brlbs-cmpnt-container brlbs-cmpnt-content-blocker brlbs-cmpnt-with-individual-styles\" data-borlabs-cookie-content-blocker-id=\"youtube-content-blocker\" data-borlabs-cookie-content=\"PGlmcmFtZSB0aXRsZT0iWW91VHViZSB2aWRlbyBwbGF5ZXIgMSIgc3JjPSJodHRwczovL3d3dy55b3V0dWJlLW5vY29va2llLmNvbS9lbWJlZC9VNVliTktYY3d6TT93bW9kZT10cmFuc3BhcmVudCZhdXRvcGxheT0wIiB3aWR0aD0iNjQwIiBoZWlnaHQ9IjM2MCIgYWxsb3dmdWxsc2NyZWVuIGFsbG93PSJhdXRvcGxheTsgY2xpcGJvYXJkLXdyaXRlOyBlbmNyeXB0ZWQtbWVkaWE7IGd5cm9zY29wZTsgcGljdHVyZS1pbi1waWN0dXJlOyI+PC9pZnJhbWU+PHNjcmlwdCBkYXRhLWJvcmxhYnMtY29va2llLXNjcmlwdC1ibG9ja2VyLWlnbm9yZT4KKGZ1bmN0aW9uKCkgewogICAgY29uc3QgZnVzaW9uVmlkZW8gPSBkb2N1bWVudC5jdXJyZW50U2NyaXB0LmNsb3Nlc3QoJy5mdXNpb24tdmlkZW8nKTsKICAgIGlmICghZnVzaW9uVmlkZW8gfHwgdHlwZW9mIGpRdWVyeSA9PT0gJ3VuZGVmaW5lZCcpIHsKICAgICAgICByZXR1cm47CiAgICB9CiAgICAhalF1ZXJ5KGZ1c2lvblZpZGVvKS5wYXJlbnRzKCIuZnVzaW9uLW1vZGFsIikubGVuZ3RoICYmIDEgPT0galF1ZXJ5KGZ1c2lvblZpZGVvKS5kYXRhKCJhdXRvcGxheSIpICYmIGpRdWVyeShmdXNpb25WaWRlbykuaXMoIjp2aXNpYmxlIikgJiYgalF1ZXJ5KGZ1c2lvblZpZGVvKS5maW5kKCJpZnJhbWUiKS5lYWNoKChmdW5jdGlvbiAoKSB7CiAgICAgIGpRdWVyeSh0aGlzKS5oYXNDbGFzcygibGF6eWxvYWQiKSA\/IGpRdWVyeSh0aGlzKS5vbigibGF6eWxvYWRlZCIsIChmdW5jdGlvbiAoKSB7CiAgICAgICAgdGhpcy5jb250ZW50V2luZG93LmxvY2F0aW9uLnJlcGxhY2UoalF1ZXJ5KHRoaXMpLmF0dHIoImRhdGEtb3JpZy1zcmMiKS5yZXBsYWNlKCJhdXRvcGxheT0wIiwgImF1dG9wbGF5PTEiKSkKICAgICAgfSkpIDogalF1ZXJ5KHRoaXMpLmF0dHIoInNyYyIsIGpRdWVyeSh0aGlzKS5hdHRyKCJzcmMiKS5yZXBsYWNlKCJhdXRvcGxheT0wIiwgImF1dG9wbGF5PTEiKSkKICAgIH0pKQp9KSgpOwo8L3NjcmlwdD4=\"><div class=\"brlbs-cmpnt-cb-preset-c brlbs-cmpnt-cb-youtube\"> <div class=\"brlbs-cmpnt-cb-thumbnail\" style=\"background-image: url('https:\/\/op-zentrum-oldenburg.de\/wp-content\/uploads\/borlabs-cookie\/1\/yt_U5YbNKXcwzM_hqdefault.jpg')\"><\/div> <div class=\"brlbs-cmpnt-cb-main\"> <div class=\"brlbs-cmpnt-cb-play-button\"><\/div> <div class=\"brlbs-cmpnt-cb-content\"> <p class=\"brlbs-cmpnt-cb-description\">Sie sehen gerade einen Platzhalterinhalt von <strong>YouTube<\/strong>. Um auf den eigentlichen Inhalt zuzugreifen, klicken Sie auf die Schaltfl\u00e4che unten. Bitte beachten Sie, dass dabei Daten an Drittanbieter weitergegeben werden.<\/p> <a class=\"brlbs-cmpnt-cb-provider-toggle\" href=\"#\" data-borlabs-cookie-show-provider-information role=\"button\">Mehr Informationen<\/a> <\/div> <div class=\"brlbs-cmpnt-cb-buttons\"> <a class=\"brlbs-cmpnt-cb-btn\" href=\"#\" data-borlabs-cookie-unblock role=\"button\">Inhalt entsperren<\/a> <a class=\"brlbs-cmpnt-cb-btn\" href=\"#\" data-borlabs-cookie-accept-service role=\"button\" style=\"display: inherit\">Erforderlichen Service akzeptieren und Inhalte entsperren<\/a> <\/div> <\/div> <\/div><\/div><\/div><\/div><\/div><div class=\"fusion-text fusion-text-2\"><p style=\"text-align: right;\">(externer Link: YouTube)<\/p>\n<\/div><div class=\"fusion-sep-clear\"><\/div><div class=\"fusion-separator fusion-full-width-sep\" style=\"margin-left: auto;margin-right: auto;margin-top:20px;width:100%;\"><div class=\"fusion-separator-border sep-single sep-solid\" style=\"--awb-height:20px;--awb-amount:20px;border-color:#e2e2e2;border-top-width:1px;\"><\/div><\/div><div class=\"fusion-sep-clear\"><\/div>\n<div class=\"fusion-text fusion-text-3\"><h5>Wollt ihr noch mehr wissen?<\/h5>\n<\/div><div class=\"fusion-content-boxes content-boxes columns row fusion-columns-2 fusion-columns-total-2 fusion-content-boxes-1 content-boxes-icon-with-title content-left\" style=\"--awb-body-color:#005c75;--awb-title-color:#005c75;--awb-hover-accent-color:#51b747;--awb-circle-hover-accent-color:#51b747;\" data-animationOffset=\"top-into-view\"><div style=\"--awb-backgroundcolor:#ffffff;\" class=\"fusion-column content-box-column content-box-column content-box-column-1 col-lg-6 col-md-6 col-sm-6 fusion-content-box-hover content-box-column-first-in-row\"><div class=\"col content-box-wrapper content-wrapper-background link-area-link-icon link-type-text content-icon-wrapper-yes icon-hover-animation-fade\" data-animationOffset=\"top-into-view\"><div class=\"heading heading-with-icon icon-left\"><a class=\"heading-link\" style=\"float:left;\" href=\"https:\/\/op-zentrum-oldenburg.de\/index.php\/was-soll-das\/\" target=\"_self\"><div class=\"icon\"><span style=\"height:42px;width:42px;line-height:22px;border-color:rgba(255,255,255,0);border-width:1px;border-style:solid;background-color:#005c75;box-sizing:content-box;border-radius:50%;\"><i style=\"border-color:#005c75;border-width:1px;background-color:#005c75;box-sizing:content-box;height:40px;width:40px;line-height:40px;border-radius:50%;position:relative;top:auto;left:auto;margin:0;border-radius:50%;font-size:20px;\" aria-hidden=\"true\" class=\"fontawesome-icon fa-angle-right fas circle-yes\"><\/i><\/span><\/div><h5 class=\"content-box-heading fusion-responsive-typography-calculated\" style=\"--h5_typography-font-size:18px;--fontSize:18;line-height:1.4;\">Was soll das?<\/h5><\/a><\/div><div class=\"fusion-clearfix\"><\/div><div class=\"content-container\">\n<p>Ihr habt bestimmt schon ganz viel mitbekommen. Sicherlich haben Mama und Papa mit euch schon dar\u00fcber gesprochen. Bestimmt wart Ihr schon bei einem anderen Arzt und dieser hat euch wahrscheinlich auch schon untersucht, mit euch gesprochen und euch auch ganz viel erkl\u00e4rt.<\/p>\n<\/div><div class=\"fusion-clearfix\"><\/div><a class=\" fusion-read-more\" style=\"float:left;\" href=\"https:\/\/op-zentrum-oldenburg.de\/index.php\/was-soll-das\/\" target=\"_self\">mehr erfahren...<\/a><div class=\"fusion-clearfix\"><\/div><\/div><\/div><div style=\"--awb-backgroundcolor:#ffffff;\" class=\"fusion-column content-box-column content-box-column content-box-column-2 col-lg-6 col-md-6 col-sm-6 fusion-content-box-hover content-box-column-last content-box-column-last-in-row\"><div class=\"col content-box-wrapper content-wrapper-background link-area-link-icon link-type-text content-icon-wrapper-yes icon-hover-animation-fade\" data-animationOffset=\"top-into-view\"><div class=\"heading heading-with-icon icon-left\"><a class=\"heading-link\" style=\"float:left;\" href=\"https:\/\/op-zentrum-oldenburg.de\/index.php\/schon-fertig\/\" target=\"_self\"><div class=\"icon\"><span style=\"height:42px;width:42px;line-height:22px;border-color:rgba(255,255,255,0);border-width:1px;border-style:solid;background-color:#005c75;box-sizing:content-box;border-radius:50%;\"><i style=\"border-color:#005c75;border-width:1px;background-color:#005c75;box-sizing:content-box;height:40px;width:40px;line-height:40px;border-radius:50%;position:relative;top:auto;left:auto;margin:0;border-radius:50%;font-size:20px;\" aria-hidden=\"true\" class=\"fontawesome-icon fa-angle-right fas circle-yes\"><\/i><\/span><\/div><h5 class=\"content-box-heading fusion-responsive-typography-calculated\" style=\"--h5_typography-font-size:18px;--fontSize:18;line-height:1.4;\">Schon fertig?<\/h5><\/a><\/div><div class=\"fusion-clearfix\"><\/div><div class=\"content-container\">\n<p>Wenn Ihr ausgeschlafen seid, und eure Augen langsam aufgehen, sind eure Eltern ganz nah bei euch. Bestimmt k\u00f6nnt ihr noch im Schlaf ihre Hand sp\u00fcren. Eure Eltern sind bestimmt auch die ersten, die ihr nach dem Aufwachen wieder seht.<\/p>\n<\/div><div class=\"fusion-clearfix\"><\/div><a class=\" fusion-read-more\" style=\"float:left;\" href=\"https:\/\/op-zentrum-oldenburg.de\/index.php\/schon-fertig\/\" target=\"_self\">mehr erfahren...<\/a><div class=\"fusion-clearfix\"><\/div><\/div><\/div><div class=\"fusion-clearfix\"><\/div><\/div><div class=\"fusion-clearfix\"><\/div><\/div><\/div><div class=\"fusion-layout-column fusion_builder_column fusion-builder-column-1 fusion_builder_column_1_3 1_3 fusion-one-third fusion-column-last\" style=\"--awb-bg-size:cover;width:33.333333333333%;width:calc(33.333333333333% - ( ( 4% ) * 0.33333333333333 ) );\"><div class=\"fusion-column-wrapper fusion-column-has-shadow fusion-flex-column-wrapper-legacy\"><div class=\"fusion-content-boxes content-boxes columns row fusion-columns-1 fusion-columns-total-5 fusion-content-boxes-2 content-boxes-icon-with-title content-left\" style=\"--awb-body-color:#005c75;--awb-title-color:#005c75;--awb-hover-accent-color:#51b747;--awb-circle-hover-accent-color:#51b747;--awb-item-margin-bottom:40px;\" data-animationOffset=\"top-into-view\"><div style=\"--awb-backgroundcolor:#ccdee3;\" class=\"fusion-column content-box-column content-box-column content-box-column-1 col-lg-12 col-md-12 col-sm-12 fusion-content-box-hover content-box-column-last-in-row\"><div class=\"col content-box-wrapper content-wrapper-background link-area-link-icon link-type-text icon-hover-animation-fade\" data-animationOffset=\"top-into-view\"><div class=\"heading heading-with-icon icon-left\"><a class=\"heading-link\" style=\"float:left;\" href=\"https:\/\/op-zentrum-oldenburg.de\/index.php\/praxisrundgang\/\" target=\"_self\"><div class=\"icon\"><i style=\"border-color:#005c75;border-width:0px;background-color:#005c75;box-sizing:content-box;height:40px;width:40px;line-height:40px;border-radius:50%;font-size:20px;\" aria-hidden=\"true\" class=\"fontawesome-icon fa-sync fas circle-yes\"><\/i><\/div><h2 class=\"content-box-heading fusion-responsive-typography-calculated\" style=\"--h2_typography-font-size:24px;--fontSize:24;line-height:1.2;\">Praxisrundgang<\/h2><\/a><\/div><div class=\"fusion-clearfix\"><\/div><div class=\"content-container\">\n<p><a href=\"https:\/\/op-zentrum-oldenburg.de\/index.php\/praxisrundgang\/\" target=\"_blank\" rel=\"noopener noreferrer\"><img decoding=\"async\" class=\"alignnone wp-image-1983 size-full\" src=\"https:\/\/op-zentrum-oldenburg.de\/wp-content\/uploads\/2020\/08\/google-klein.jpg\" alt=\"\" width=\"270\" height=\"173\" srcset=\"https:\/\/op-zentrum-oldenburg.de\/wp-content\/uploads\/2020\/08\/google-klein-200x128.jpg 200w, https:\/\/op-zentrum-oldenburg.de\/wp-content\/uploads\/2020\/08\/google-klein.jpg 270w\" sizes=\"(max-width: 270px) 100vw, 270px\" \/><\/a><\/p>\n<\/div><div class=\"fusion-clearfix\"><\/div><a class=\" fusion-read-more\" style=\"float:left;\" href=\"https:\/\/op-zentrum-oldenburg.de\/index.php\/praxisrundgang\/\" target=\"_self\">Klicken Sie hier<\/a><div class=\"fusion-clearfix\"><\/div><\/div><\/div><div style=\"--awb-backgroundcolor:#d9e7ea;\" class=\"fusion-column content-box-column content-box-column content-box-column-2 col-lg-12 col-md-12 col-sm-12 fusion-content-box-hover content-box-column-last-in-row\"><div class=\"col content-box-wrapper content-wrapper-background link-area-link-icon link-type-text content-icon-wrapper-yes icon-hover-animation-fade\" data-animationOffset=\"top-into-view\"><div class=\"heading heading-with-icon icon-left\"><a class=\"heading-link\" style=\"float:left;\" href=\"https:\/\/op-zentrum-oldenburg.de\/index.php\/stellenangebote\/\" target=\"_self\"><div class=\"icon\"><span style=\"height:40px;width:40px;line-height:20px;border-color:rgba(255,255,255,0);border-width:1px;border-style:solid;background-color:rgba(255,255,255,0);box-sizing:content-box;border-radius:50%;\"><i style=\"border-color:#005c75;border-width:0px;background-color:#005c75;box-sizing:content-box;height:40px;width:40px;line-height:40px;border-radius:50%;position:relative;top:auto;left:auto;margin:0;border-radius:50%;font-size:20px;\" aria-hidden=\"true\" class=\"fontawesome-icon fa-user-md fas circle-yes\"><\/i><\/span><\/div><h2 class=\"content-box-heading fusion-responsive-typography-calculated\" style=\"--h2_typography-font-size:24px;--fontSize:24;line-height:1.2;\">Stellenangebote<\/h2><\/a><\/div><div class=\"fusion-clearfix\"><\/div><div class=\"content-container\">\n<p>Wir freuen wir uns auf Ihre berufliche Fachkompetenz und \u00fcber Ihr pers\u00f6nliches Engagement, Ihr Einf\u00fchlungsverm\u00f6gen und Ihre Teamf\u00e4higkeit.<\/p>\n<\/div><div class=\"fusion-clearfix\"><\/div><a class=\" fusion-read-more\" style=\"float:left;\" href=\"https:\/\/op-zentrum-oldenburg.de\/index.php\/stellenangebote\/\" target=\"_self\">mehr erfahren...<\/a><div class=\"fusion-clearfix\"><\/div><\/div><\/div><div style=\"--awb-backgroundcolor:#e5eff1;\" class=\"fusion-column content-box-column content-box-column content-box-column-3 col-lg-12 col-md-12 col-sm-12 fusion-content-box-hover content-box-column-last-in-row\"><div class=\"col content-box-wrapper content-wrapper-background link-area-link-icon link-type-text icon-hover-animation-fade\" data-animationOffset=\"top-into-view\"><div class=\"heading heading-with-icon icon-left\"><a class=\"heading-link\" style=\"float:left;\" href=\"https:\/\/op-zentrum-oldenburg.de\/index.php\/aerztliche-aufklaerung\/\" target=\"_self\"><div class=\"icon\"><i style=\"border-color:#005c75;border-width:0px;background-color:#005c75;box-sizing:content-box;height:40px;width:40px;line-height:40px;border-radius:50%;font-size:20px;\" aria-hidden=\"true\" class=\"fontawesome-icon fa-edit fas circle-yes\"><\/i><\/div><h2 class=\"content-box-heading fusion-responsive-typography-calculated\" style=\"--h2_typography-font-size:24px;--fontSize:24;line-height:1.2;\">\u00c4rztliche Aufkl\u00e4rung<\/h2><\/a><\/div><div class=\"fusion-clearfix\"><\/div><div class=\"content-container\">\n<p>F\u00fclllen Sie hier Ihren Narkose-Fragebogen aus und senden ihn mit einem Klick direkt an uns zur\u00fcck.<\/p>\n<\/div><div class=\"fusion-clearfix\"><\/div><a class=\" fusion-read-more\" style=\"float:left;\" href=\"https:\/\/op-zentrum-oldenburg.de\/index.php\/aerztliche-aufklaerung\/\" target=\"_self\">digitaler Narkose-Fragebogen<\/a><div class=\"fusion-clearfix\"><\/div><\/div><\/div><div style=\"--awb-backgroundcolor:#ecf3f4;\" class=\"fusion-column content-box-column content-box-column content-box-column-4 col-lg-12 col-md-12 col-sm-12 fusion-content-box-hover content-box-column-last-in-row\"><div class=\"col content-box-wrapper content-wrapper-background link-area-link-icon link-type-text icon-hover-animation-fade\" data-animationOffset=\"top-into-view\"><div class=\"heading heading-with-icon icon-left\"><a class=\"heading-link\" style=\"float:left;\" href=\"https:\/\/op-zentrum-oldenburg.de\/index.php\/terminbuchung\/\" target=\"_self\"><div class=\"icon\"><i style=\"border-color:#005c75;border-width:0px;background-color:#005c75;box-sizing:content-box;height:40px;width:40px;line-height:40px;border-radius:50%;font-size:20px;\" aria-hidden=\"true\" class=\"fontawesome-icon fa-calendar-alt fas circle-yes\"><\/i><\/div><h2 class=\"content-box-heading fusion-responsive-typography-calculated\" style=\"--h2_typography-font-size:24px;--fontSize:24;line-height:1.2;\">Online Termin<\/h2><\/a><\/div><div class=\"fusion-clearfix\"><\/div><div class=\"content-container\">\n<p>Terminvereinbarung online in 5 Minuten, ohne Wartezeiten und rund um die Uhr.<\/p>\n<\/div><div class=\"fusion-clearfix\"><\/div><a class=\" fusion-read-more\" style=\"float:left;\" href=\"https:\/\/op-zentrum-oldenburg.de\/index.php\/terminbuchung\/\" target=\"_self\">Praxis-Termin online buchen<\/a><div class=\"fusion-clearfix\"><\/div><\/div><\/div><div style=\"--awb-backgroundcolor:#f2f7f8;\" class=\"fusion-column content-box-column content-box-column content-box-column-5 col-lg-12 col-md-12 col-sm-12 fusion-content-box-hover content-box-column-last content-box-column-last-in-row\"><div class=\"col content-box-wrapper content-wrapper-background link-area-link-icon link-type-text icon-hover-animation-fade\" data-animationOffset=\"top-into-view\"><div class=\"heading heading-with-icon icon-left\"><a class=\"heading-link\" style=\"float:left;\" href=\"https:\/\/op-zentrum-oldenburg.de\/index.php\/aktuelles\/\" target=\"_self\"><div class=\"icon\"><i style=\"border-color:#005c75;border-width:0px;background-color:#005c75;box-sizing:content-box;height:40px;width:40px;line-height:40px;border-radius:50%;font-size:20px;\" aria-hidden=\"true\" class=\"fontawesome-icon fa-glasses fas circle-yes\"><\/i><\/div><h2 class=\"content-box-heading fusion-responsive-typography-calculated\" style=\"--h2_typography-font-size:24px;--fontSize:24;line-height:1.2;\">Aktuelles<\/h2><\/a><\/div><div class=\"fusion-clearfix\"><\/div><div class=\"content-container\">\n<p>Hier finden Sie aktuelle Informationen zu Covid-19, An\u00e4sthesie und mehr\u2026<\/p>\n<\/div><div class=\"fusion-clearfix\"><\/div><a class=\" fusion-read-more\" style=\"float:left;\" href=\"https:\/\/op-zentrum-oldenburg.de\/index.php\/aktuelles\/\" target=\"_self\">Zur Seite Aktuelles<\/a><div class=\"fusion-clearfix\"><\/div><\/div><\/div><div class=\"fusion-clearfix\"><\/div><\/div><div class=\"fusion-clearfix\"><\/div><\/div><\/div>\n<\/div><\/div>\n","protected":false},"excerpt":{"rendered":"","protected":false},"author":1,"featured_media":0,"parent":0,"menu_order":0,"comment_status":"closed","ping_status":"closed","template":"","meta":{"footnotes":""},"class_list":["post-11","page","type-page","status-publish","hentry"],"_links":{"self":[{"href":"https:\/\/op-zentrum-oldenburg.de\/index.php\/wp-json\/wp\/v2\/pages\/11","targetHints":{"allow":["GET"]}}],"collection":[{"href":"https:\/\/op-zentrum-oldenburg.de\/index.php\/wp-json\/wp\/v2\/pages"}],"about":[{"href":"https:\/\/op-zentrum-oldenburg.de\/index.php\/wp-json\/wp\/v2\/types\/page"}],"author":[{"embeddable":true,"href":"https:\/\/op-zentrum-oldenburg.de\/index.php\/wp-json\/wp\/v2\/users\/1"}],"replies":[{"embeddable":true,"href":"https:\/\/op-zentrum-oldenburg.de\/index.php\/wp-json\/wp\/v2\/comments?post=11"}],"version-history":[{"count":23,"href":"https:\/\/op-zentrum-oldenburg.de\/index.php\/wp-json\/wp\/v2\/pages\/11\/revisions"}],"predecessor-version":[{"id":2177,"href":"https:\/\/op-zentrum-oldenburg.de\/index.php\/wp-json\/wp\/v2\/pages\/11\/revisions\/2177"}],"wp:attachment":[{"href":"https:\/\/op-zentrum-oldenburg.de\/index.php\/wp-json\/wp\/v2\/media?parent=11"}],"curies":[{"name":"wp","href":"https:\/\/api.w.org\/{rel}","templated":true}]}}