{"id":367,"date":"2020-04-16T14:02:05","date_gmt":"2020-04-16T12:02:05","guid":{"rendered":"https:\/\/op-zentrum-oldenburg.de\/?page_id=367"},"modified":"2020-08-24T10:47:08","modified_gmt":"2020-08-24T08:47:08","slug":"es-geht-los","status":"publish","type":"page","link":"https:\/\/op-zentrum-oldenburg.de\/index.php\/es-geht-los\/","title":{"rendered":"Es geht los?"},"content":{"rendered":"<div class=\"fusion-fullwidth fullwidth-box fusion-builder-row-1 nonhundred-percent-fullwidth non-hundred-percent-height-scrolling\" style=\"--awb-border-radius-top-left:0px;--awb-border-radius-top-right:0px;--awb-border-radius-bottom-right:0px;--awb-border-radius-bottom-left:0px;--awb-flex-wrap:wrap;\" ><div class=\"fusion-builder-row fusion-row\"><div class=\"fusion-layout-column fusion_builder_column fusion-builder-column-0 fusion_builder_column_2_3 2_3 fusion-two-third fusion-column-first\" style=\"--awb-bg-size:cover;width:66.666666666667%;width:calc(66.666666666667% - ( ( 4% ) * 0.66666666666667 ) );margin-right: 4%;\"><div class=\"fusion-column-wrapper fusion-column-has-shadow fusion-flex-column-wrapper-legacy\"><div class=\"fusion-text fusion-text-1\"><h2>Es geht los?<\/h2>\n<p>Wenn Ihr mit euren Eltern zu uns kommt, m\u00f6chten wir euch zu aller erst einmal kennen lernen. Wir haben Zeit, uns gemeinsam \u00fcber die bevorstehende Operation und Narkose zu unterhalten. F\u00fcr uns ist es ganz wichtig, dass wir ganz viel \u00fcber euch erfahren, damit auch wir uns auf die Operation vorbereiten k\u00f6nnen. Wir erkl\u00e4ren euch nat\u00fcrlich auch, wie solch eine Narkose bei uns abl\u00e4uft &#8211; und das ist super spannend:<\/p>\n<h6>noch ein &#8222;Zauber-Pflaster&#8220;<\/h6>\n<p>Wenn ihr wollt k\u00f6nnt Ihr noch vor dem Schlaf einen Saft bekommen, der Euch die Sorgen vor der Narkose etwas &#8222;wegzaubert&#8220;. Mit diesem Saft werdet Ihr ein St\u00fcck mutiger. Und dann haben wir noch ein &#8222;Zauber-Pflaster&#8220;, das die Stelle bet\u00e4ubt, an der wir nachher etwas zwicken m\u00fcssen. Damit sp\u00fcrt ihr das alles nicht mehr richtig, weil die Haut schon vorher eingeschlafen ist. \u00dcbrigens: der Zwick sieht bei uns aus wie ein kleiner Schmetterling. Wir haben die Schmetterlinge in blau und rosa. Die Farbe k\u00f6nnen wir dann gemeinsam aussuchen. Und die kleine Zacke von dem Schmetterling, ziehen wir auch ganz schnell wieder raus.<\/p>\n<h6>ganz schnell einen Traum w\u00fcnschen<\/h6>\n<p>Danach werdet Ihr langsam ganz m\u00fcde und schlaft tief und fest ein. Wenn Ihr euch beeilt, k\u00f6nnt Ihr euch noch ganz schnell einen Traum w\u00fcnschen, den Ihr w\u00e4hrend der Operation tr\u00e4umt, damit es nicht so langweilig f\u00fcr euch wird. Nachdem Ihr ganz fest eingeschlafen seid, haben eure Eltern eine kleine Pause. Sie bleiben in der N\u00e4he und passen trotzdem weiter auf euch auf. Dann beginnen wir mit der Operation, von der Ihr dank des tiefen Schlafes, gar nichts merkt.<\/p>\n<p>Sobald es geht, sind eure Eltern wieder da. Sofort nach der Operation bringen wir euch gemeinsam mit euren Eltern in ein Kinder-Aufwachzimmer, das wir extra f\u00fcr Kinder bei uns eingerichtet haben. Hoffentlich wird es euch gefallen.<\/p>\n<h6>ihr seid nie allein<\/h6>\n<p>Auch andere Kinder haben schon eine kleine Narkose gehabt. Sie waren vorher bestimmt auch aufgeregt und haben vielleicht auch ein wenig Angst gehabt. So wie der kleine Indianer \u201eKlein Adlerfeder\u201c.<\/p>\n<p>Wollt ihr h\u00f6ren, wie es ihm ergangen ist, was er erlebt hat und wie seine Erlebnisse mit dem Medizinmann \u201eSch\u00f6ner Traum\u201c waren?<\/p>\n<p>Dann klickt hier drauf. Ihr k\u00f6nnt dann ein H\u00f6rspiel h\u00f6ren, das euch bestimmt noch mehr Mut machen wird.<\/p>\n<\/div><div class=\"fusion-image-element in-legacy-container\" style=\"--awb-caption-title-font-family:var(--h2_typography-font-family);--awb-caption-title-font-weight:var(--h2_typography-font-weight);--awb-caption-title-font-style:var(--h2_typography-font-style);--awb-caption-title-size:var(--h2_typography-font-size);--awb-caption-title-transform:var(--h2_typography-text-transform);--awb-caption-title-line-height:var(--h2_typography-line-height);--awb-caption-title-letter-spacing:var(--h2_typography-letter-spacing);\"><span class=\" fusion-imageframe imageframe-none imageframe-1 hover-type-none\"><img decoding=\"async\" width=\"300\" height=\"300\" title=\"Klein Adlerfeder0001\" src=\"https:\/\/op-zentrum-oldenburg.de\/wp-content\/uploads\/2020\/07\/Klein-Adlerfeder0001-300x300.jpg\" alt class=\"img-responsive wp-image-1265\" srcset=\"https:\/\/op-zentrum-oldenburg.de\/wp-content\/uploads\/2020\/07\/Klein-Adlerfeder0001-200x199.jpg 200w, https:\/\/op-zentrum-oldenburg.de\/wp-content\/uploads\/2020\/07\/Klein-Adlerfeder0001-400x399.jpg 400w, https:\/\/op-zentrum-oldenburg.de\/wp-content\/uploads\/2020\/07\/Klein-Adlerfeder0001-600x598.jpg 600w, https:\/\/op-zentrum-oldenburg.de\/wp-content\/uploads\/2020\/07\/Klein-Adlerfeder0001-800x798.jpg 800w, https:\/\/op-zentrum-oldenburg.de\/wp-content\/uploads\/2020\/07\/Klein-Adlerfeder0001.jpg 984w\" sizes=\"(max-width: 800px) 100vw, 800px\" \/><\/span><\/div><div class=\"fusion-sep-clear\"><\/div><div class=\"fusion-separator fusion-full-width-sep\" style=\"margin-left: auto;margin-right: auto;margin-top:20px;width:100%;\"><div class=\"fusion-separator-border sep-double\" style=\"--awb-height:20px;--awb-amount:20px;border-color:#e2e2e2;border-top-width:0px;border-bottom-width:0px;\"><\/div><\/div><div class=\"fusion-sep-clear\"><\/div><div class=\"fusion-audio fusion-audio-1 fusion-animated\" style=\"--awb-progress-color:#ffffff;--awb-border-color:var(--awb-color1);--awb-background-color:#005c75;--awb-max-width:100%;--awb-border-size:0;--awb-border-top-left-radius:0px;--awb-border-top-right-radius:0px;--awb-border-bottom-right-radius:0px;--awb-border-bottom-left-radius:0px;--awb-box-shadow:5px 5px 5px 2px #bfbfbf;;\" data-animationType=\"flash\" data-animationDuration=\"0.5\" data-animationOffset=\"top-into-view\"><audio class=\"wp-audio-shortcode\" id=\"audio-367-1\" preload=\"none\" style=\"width: 100%;\" controls=\"controls\"><source type=\"audio\/mpeg\" src=\"https:\/\/op-zentrum-oldenburg.de\/wp-content\/uploads\/2020\/07\/Klein_Adlerfeder.mp3?_=1\" \/><a href=\"https:\/\/op-zentrum-oldenburg.de\/wp-content\/uploads\/2020\/07\/Klein_Adlerfeder.mp3\">https:\/\/op-zentrum-oldenburg.de\/wp-content\/uploads\/2020\/07\/Klein_Adlerfeder.mp3<\/a><\/audio><\/div><div class=\"fusion-sep-clear\"><\/div><div class=\"fusion-separator fusion-full-width-sep\" style=\"margin-left: auto;margin-right: auto;margin-top:20px;width:100%;\"><div class=\"fusion-separator-border sep-double\" style=\"--awb-height:20px;--awb-amount:20px;border-color:#e2e2e2;border-top-width:0px;border-bottom-width:0px;\"><\/div><\/div><div class=\"fusion-sep-clear\"><\/div><div class=\"fusion-text fusion-text-2\"><p style=\"text-align: left;\">(mit freundlicher Unterst\u00fctzung der Firma Abbott und<br \/>\nAbbVie Deutschland GmbH &amp; Co. KG, in Zusammenarbeit mit:<br \/>\nDr. Klein und Dr. Wangemann, Klinik f\u00fcr An\u00e4sthesiologie, Universit\u00e4tsmedizin Mainz,<br \/>\nCopyright AbbVie Deutschland GmbH &amp; Co. KG, Wiesbaden 2013<br \/>\n\u00dcberarbeitet durch Gams &amp; Schrage Healthcare, basierend auf der Originalversion von<br \/>\nHartmut Dietrich, Illustration: Scott Krausen)<\/p>\n<\/div><div class=\"fusion-sep-clear\"><\/div><div class=\"fusion-separator fusion-full-width-sep\" style=\"margin-left: auto;margin-right: auto;margin-top:20px;width:100%;\"><div class=\"fusion-separator-border sep-single sep-solid\" style=\"--awb-height:20px;--awb-amount:20px;border-color:#e2e2e2;border-top-width:1px;\"><\/div><\/div><div class=\"fusion-sep-clear\"><\/div>\n<div class=\"fusion-text fusion-text-3\"><h5>Wollt ihr noch mehr wissen?<\/h5>\n<\/div><div class=\"fusion-content-boxes content-boxes columns row fusion-columns-2 fusion-columns-total-2 fusion-content-boxes-1 content-boxes-icon-with-title content-left\" style=\"--awb-body-color:#005c75;--awb-title-color:#005c75;--awb-hover-accent-color:#51b747;--awb-circle-hover-accent-color:#51b747;\" data-animationOffset=\"top-into-view\"><div style=\"--awb-backgroundcolor:#ffffff;\" class=\"fusion-column content-box-column content-box-column content-box-column-1 col-lg-6 col-md-6 col-sm-6 fusion-content-box-hover content-box-column-first-in-row\"><div class=\"col content-box-wrapper content-wrapper-background link-area-link-icon link-type-text content-icon-wrapper-yes icon-hover-animation-fade\" data-animationOffset=\"top-into-view\"><div class=\"heading heading-with-icon icon-left\"><a class=\"heading-link\" style=\"float:left;\" href=\"https:\/\/op-zentrum-oldenburg.de\/index.php\/was-soll-das\/\" target=\"_self\"><div class=\"icon\"><span style=\"height:42px;width:42px;line-height:22px;border-color:rgba(255,255,255,0);border-width:1px;border-style:solid;background-color:#005c75;box-sizing:content-box;border-radius:50%;\"><i style=\"border-color:#005c75;border-width:1px;background-color:#005c75;box-sizing:content-box;height:40px;width:40px;line-height:40px;border-radius:50%;position:relative;top:auto;left:auto;margin:0;border-radius:50%;font-size:20px;\" aria-hidden=\"true\" class=\"fontawesome-icon fa-angle-right fas circle-yes\"><\/i><\/span><\/div><h5 class=\"content-box-heading fusion-responsive-typography-calculated\" style=\"--h5_typography-font-size:18px;--fontSize:18;line-height:1.4;\">Was soll das?<\/h5><\/a><\/div><div class=\"fusion-clearfix\"><\/div><div class=\"content-container\">\n<p>Ihr habt bestimmt schon ganz viel mitbekommen. Sicherlich haben Mama und Papa mit euch schon dar\u00fcber gesprochen. Bestimmt wart Ihr schon bei einem anderen Arzt und dieser hat euch wahrscheinlich auch schon untersucht, mit euch gesprochen und euch auch ganz viel erkl\u00e4rt.<\/p>\n<\/div><div class=\"fusion-clearfix\"><\/div><a class=\" fusion-read-more\" style=\"float:left;\" href=\"https:\/\/op-zentrum-oldenburg.de\/index.php\/was-soll-das\/\" target=\"_self\">mehr erfahren...<\/a><div class=\"fusion-clearfix\"><\/div><\/div><\/div><div style=\"--awb-backgroundcolor:#ffffff;\" class=\"fusion-column content-box-column content-box-column content-box-column-2 col-lg-6 col-md-6 col-sm-6 fusion-content-box-hover content-box-column-last content-box-column-last-in-row\"><div class=\"col content-box-wrapper content-wrapper-background link-area-link-icon link-type-text content-icon-wrapper-yes icon-hover-animation-fade\" data-animationOffset=\"top-into-view\"><div class=\"heading heading-with-icon icon-left\"><a class=\"heading-link\" style=\"float:left;\" href=\"https:\/\/op-zentrum-oldenburg.de\/index.php\/schon-fertig\/\" target=\"_self\"><div class=\"icon\"><span style=\"height:42px;width:42px;line-height:22px;border-color:rgba(255,255,255,0);border-width:1px;border-style:solid;background-color:#005c75;box-sizing:content-box;border-radius:50%;\"><i style=\"border-color:#005c75;border-width:1px;background-color:#005c75;box-sizing:content-box;height:40px;width:40px;line-height:40px;border-radius:50%;position:relative;top:auto;left:auto;margin:0;border-radius:50%;font-size:20px;\" aria-hidden=\"true\" class=\"fontawesome-icon fa-angle-right fas circle-yes\"><\/i><\/span><\/div><h5 class=\"content-box-heading fusion-responsive-typography-calculated\" style=\"--h5_typography-font-size:18px;--fontSize:18;line-height:1.4;\">Schon fertig?<\/h5><\/a><\/div><div class=\"fusion-clearfix\"><\/div><div class=\"content-container\">\n<p>Wenn Ihr ausgeschlafen seid, und eure Augen langsam aufgehen, sind eure Eltern ganz nah bei euch. Bestimmt k\u00f6nnt ihr noch im Schlaf ihre Hand sp\u00fcren. Eure Eltern sind bestimmt auch die ersten, die ihr nach dem Aufwachen wieder seht.<\/p>\n<\/div><div class=\"fusion-clearfix\"><\/div><a class=\" fusion-read-more\" style=\"float:left;\" href=\"https:\/\/op-zentrum-oldenburg.de\/index.php\/schon-fertig\/\" target=\"_self\">mehr erfahren...<\/a><div class=\"fusion-clearfix\"><\/div><\/div><\/div><div class=\"fusion-clearfix\"><\/div><\/div><div class=\"fusion-clearfix\"><\/div><\/div><\/div><div class=\"fusion-layout-column fusion_builder_column fusion-builder-column-1 fusion_builder_column_1_3 1_3 fusion-one-third fusion-column-last\" style=\"--awb-bg-size:cover;width:33.333333333333%;width:calc(33.333333333333% - ( ( 4% ) * 0.33333333333333 ) );\"><div class=\"fusion-column-wrapper fusion-column-has-shadow fusion-flex-column-wrapper-legacy\"><div class=\"fusion-content-boxes content-boxes columns row fusion-columns-1 fusion-columns-total-5 fusion-content-boxes-2 content-boxes-icon-with-title content-left\" style=\"--awb-body-color:#005c75;--awb-title-color:#005c75;--awb-hover-accent-color:#51b747;--awb-circle-hover-accent-color:#51b747;--awb-item-margin-bottom:40px;\" data-animationOffset=\"top-into-view\"><div style=\"--awb-backgroundcolor:#ccdee3;\" class=\"fusion-column content-box-column content-box-column content-box-column-1 col-lg-12 col-md-12 col-sm-12 fusion-content-box-hover content-box-column-last-in-row\"><div class=\"col content-box-wrapper content-wrapper-background link-area-link-icon link-type-text icon-hover-animation-fade\" data-animationOffset=\"top-into-view\"><div class=\"heading heading-with-icon icon-left\"><a class=\"heading-link\" style=\"float:left;\" href=\"https:\/\/op-zentrum-oldenburg.de\/index.php\/praxisrundgang\/\" target=\"_self\"><div class=\"icon\"><i style=\"border-color:#005c75;border-width:0px;background-color:#005c75;box-sizing:content-box;height:40px;width:40px;line-height:40px;border-radius:50%;font-size:20px;\" aria-hidden=\"true\" class=\"fontawesome-icon fa-sync fas circle-yes\"><\/i><\/div><h2 class=\"content-box-heading fusion-responsive-typography-calculated\" style=\"--h2_typography-font-size:24px;--fontSize:24;line-height:1.2;\">Praxisrundgang<\/h2><\/a><\/div><div class=\"fusion-clearfix\"><\/div><div class=\"content-container\">\n<p><a href=\"https:\/\/op-zentrum-oldenburg.de\/index.php\/praxisrundgang\/\" target=\"_blank\" rel=\"noopener noreferrer\"><img decoding=\"async\" class=\"alignnone wp-image-1983 size-full\" src=\"https:\/\/op-zentrum-oldenburg.de\/wp-content\/uploads\/2020\/08\/google-klein.jpg\" alt=\"\" width=\"270\" height=\"173\" srcset=\"https:\/\/op-zentrum-oldenburg.de\/wp-content\/uploads\/2020\/08\/google-klein-200x128.jpg 200w, https:\/\/op-zentrum-oldenburg.de\/wp-content\/uploads\/2020\/08\/google-klein.jpg 270w\" sizes=\"(max-width: 270px) 100vw, 270px\" \/><\/a><\/p>\n<\/div><div class=\"fusion-clearfix\"><\/div><a class=\" fusion-read-more\" style=\"float:left;\" href=\"https:\/\/op-zentrum-oldenburg.de\/index.php\/praxisrundgang\/\" target=\"_self\">Klicken Sie hier<\/a><div class=\"fusion-clearfix\"><\/div><\/div><\/div><div style=\"--awb-backgroundcolor:#d9e7ea;\" class=\"fusion-column content-box-column content-box-column content-box-column-2 col-lg-12 col-md-12 col-sm-12 fusion-content-box-hover content-box-column-last-in-row\"><div class=\"col content-box-wrapper content-wrapper-background link-area-link-icon link-type-text content-icon-wrapper-yes icon-hover-animation-fade\" data-animationOffset=\"top-into-view\"><div class=\"heading heading-with-icon icon-left\"><a class=\"heading-link\" style=\"float:left;\" href=\"https:\/\/op-zentrum-oldenburg.de\/index.php\/stellenangebote\/\" target=\"_self\"><div class=\"icon\"><span style=\"height:40px;width:40px;line-height:20px;border-color:rgba(255,255,255,0);border-width:1px;border-style:solid;background-color:rgba(255,255,255,0);box-sizing:content-box;border-radius:50%;\"><i style=\"border-color:#005c75;border-width:0px;background-color:#005c75;box-sizing:content-box;height:40px;width:40px;line-height:40px;border-radius:50%;position:relative;top:auto;left:auto;margin:0;border-radius:50%;font-size:20px;\" aria-hidden=\"true\" class=\"fontawesome-icon fa-user-md fas circle-yes\"><\/i><\/span><\/div><h2 class=\"content-box-heading fusion-responsive-typography-calculated\" style=\"--h2_typography-font-size:24px;--fontSize:24;line-height:1.2;\">Stellenangebote<\/h2><\/a><\/div><div class=\"fusion-clearfix\"><\/div><div class=\"content-container\">\n<p>Wir freuen wir uns auf Ihre berufliche Fachkompetenz und \u00fcber Ihr pers\u00f6nliches Engagement, Ihr Einf\u00fchlungsverm\u00f6gen und Ihre Teamf\u00e4higkeit.<\/p>\n<\/div><div class=\"fusion-clearfix\"><\/div><a class=\" fusion-read-more\" style=\"float:left;\" href=\"https:\/\/op-zentrum-oldenburg.de\/index.php\/stellenangebote\/\" target=\"_self\">mehr erfahren...<\/a><div class=\"fusion-clearfix\"><\/div><\/div><\/div><div style=\"--awb-backgroundcolor:#e5eff1;\" class=\"fusion-column content-box-column content-box-column content-box-column-3 col-lg-12 col-md-12 col-sm-12 fusion-content-box-hover content-box-column-last-in-row\"><div class=\"col content-box-wrapper content-wrapper-background link-area-link-icon link-type-text icon-hover-animation-fade\" data-animationOffset=\"top-into-view\"><div class=\"heading heading-with-icon icon-left\"><a class=\"heading-link\" style=\"float:left;\" href=\"https:\/\/op-zentrum-oldenburg.de\/index.php\/aerztliche-aufklaerung\/\" target=\"_self\"><div class=\"icon\"><i style=\"border-color:#005c75;border-width:0px;background-color:#005c75;box-sizing:content-box;height:40px;width:40px;line-height:40px;border-radius:50%;font-size:20px;\" aria-hidden=\"true\" class=\"fontawesome-icon fa-edit fas circle-yes\"><\/i><\/div><h2 class=\"content-box-heading fusion-responsive-typography-calculated\" style=\"--h2_typography-font-size:24px;--fontSize:24;line-height:1.2;\">\u00c4rztliche Aufkl\u00e4rung<\/h2><\/a><\/div><div class=\"fusion-clearfix\"><\/div><div class=\"content-container\">\n<p>F\u00fclllen Sie hier Ihren Narkose-Fragebogen aus und senden ihn mit einem Klick direkt an uns zur\u00fcck.<\/p>\n<\/div><div class=\"fusion-clearfix\"><\/div><a class=\" fusion-read-more\" style=\"float:left;\" href=\"https:\/\/op-zentrum-oldenburg.de\/index.php\/aerztliche-aufklaerung\/\" target=\"_self\">digitaler Narkose-Fragebogen<\/a><div class=\"fusion-clearfix\"><\/div><\/div><\/div><div style=\"--awb-backgroundcolor:#ecf3f4;\" class=\"fusion-column content-box-column content-box-column content-box-column-4 col-lg-12 col-md-12 col-sm-12 fusion-content-box-hover content-box-column-last-in-row\"><div class=\"col content-box-wrapper content-wrapper-background link-area-link-icon link-type-text icon-hover-animation-fade\" data-animationOffset=\"top-into-view\"><div class=\"heading heading-with-icon icon-left\"><a class=\"heading-link\" style=\"float:left;\" href=\"https:\/\/op-zentrum-oldenburg.de\/index.php\/terminbuchung\/\" target=\"_self\"><div class=\"icon\"><i style=\"border-color:#005c75;border-width:0px;background-color:#005c75;box-sizing:content-box;height:40px;width:40px;line-height:40px;border-radius:50%;font-size:20px;\" aria-hidden=\"true\" class=\"fontawesome-icon fa-calendar-alt fas circle-yes\"><\/i><\/div><h2 class=\"content-box-heading fusion-responsive-typography-calculated\" style=\"--h2_typography-font-size:24px;--fontSize:24;line-height:1.2;\">Online Termin<\/h2><\/a><\/div><div class=\"fusion-clearfix\"><\/div><div class=\"content-container\">\n<p>Terminvereinbarung online in 5 Minuten, ohne Wartezeiten und rund um die Uhr.<\/p>\n<\/div><div class=\"fusion-clearfix\"><\/div><a class=\" fusion-read-more\" style=\"float:left;\" href=\"https:\/\/op-zentrum-oldenburg.de\/index.php\/terminbuchung\/\" target=\"_self\">Praxis-Termin online buchen<\/a><div class=\"fusion-clearfix\"><\/div><\/div><\/div><div style=\"--awb-backgroundcolor:#f2f7f8;\" class=\"fusion-column content-box-column content-box-column content-box-column-5 col-lg-12 col-md-12 col-sm-12 fusion-content-box-hover content-box-column-last content-box-column-last-in-row\"><div class=\"col content-box-wrapper content-wrapper-background link-area-link-icon link-type-text icon-hover-animation-fade\" data-animationOffset=\"top-into-view\"><div class=\"heading heading-with-icon icon-left\"><a class=\"heading-link\" style=\"float:left;\" href=\"https:\/\/op-zentrum-oldenburg.de\/index.php\/aktuelles\/\" target=\"_self\"><div class=\"icon\"><i style=\"border-color:#005c75;border-width:0px;background-color:#005c75;box-sizing:content-box;height:40px;width:40px;line-height:40px;border-radius:50%;font-size:20px;\" aria-hidden=\"true\" class=\"fontawesome-icon fa-glasses fas circle-yes\"><\/i><\/div><h2 class=\"content-box-heading fusion-responsive-typography-calculated\" style=\"--h2_typography-font-size:24px;--fontSize:24;line-height:1.2;\">Aktuelles<\/h2><\/a><\/div><div class=\"fusion-clearfix\"><\/div><div class=\"content-container\">\n<p>Hier finden Sie aktuelle Informationen zu Covid-19, An\u00e4sthesie und mehr\u2026<\/p>\n<\/div><div class=\"fusion-clearfix\"><\/div><a class=\" fusion-read-more\" style=\"float:left;\" href=\"https:\/\/op-zentrum-oldenburg.de\/index.php\/aktuelles\/\" target=\"_self\">Zur Seite Aktuelles<\/a><div class=\"fusion-clearfix\"><\/div><\/div><\/div><div class=\"fusion-clearfix\"><\/div><\/div><div class=\"fusion-clearfix\"><\/div><\/div><\/div>\n<\/div><\/div>\n","protected":false},"excerpt":{"rendered":"","protected":false},"author":1,"featured_media":0,"parent":0,"menu_order":0,"comment_status":"closed","ping_status":"closed","template":"","meta":{"footnotes":""},"class_list":["post-367","page","type-page","status-publish","hentry"],"_links":{"self":[{"href":"https:\/\/op-zentrum-oldenburg.de\/index.php\/wp-json\/wp\/v2\/pages\/367","targetHints":{"allow":["GET"]}}],"collection":[{"href":"https:\/\/op-zentrum-oldenburg.de\/index.php\/wp-json\/wp\/v2\/pages"}],"about":[{"href":"https:\/\/op-zentrum-oldenburg.de\/index.php\/wp-json\/wp\/v2\/types\/page"}],"author":[{"embeddable":true,"href":"https:\/\/op-zentrum-oldenburg.de\/index.php\/wp-json\/wp\/v2\/users\/1"}],"replies":[{"embeddable":true,"href":"https:\/\/op-zentrum-oldenburg.de\/index.php\/wp-json\/wp\/v2\/comments?post=367"}],"version-history":[{"count":34,"href":"https:\/\/op-zentrum-oldenburg.de\/index.php\/wp-json\/wp\/v2\/pages\/367\/revisions"}],"predecessor-version":[{"id":1960,"href":"https:\/\/op-zentrum-oldenburg.de\/index.php\/wp-json\/wp\/v2\/pages\/367\/revisions\/1960"}],"wp:attachment":[{"href":"https:\/\/op-zentrum-oldenburg.de\/index.php\/wp-json\/wp\/v2\/media?parent=367"}],"curies":[{"name":"wp","href":"https:\/\/api.w.org\/{rel}","templated":true}]}}