{"id":376,"date":"2020-04-16T16:34:55","date_gmt":"2020-04-16T14:34:55","guid":{"rendered":"https:\/\/op-zentrum-oldenburg.de\/?page_id=376"},"modified":"2020-08-17T11:05:18","modified_gmt":"2020-08-17T09:05:18","slug":"narkose-im-alter","status":"publish","type":"page","link":"https:\/\/op-zentrum-oldenburg.de\/index.php\/narkose-im-alter\/","title":{"rendered":"Narkose im Alter"},"content":{"rendered":"<div class=\"fusion-fullwidth fullwidth-box fusion-builder-row-1 nonhundred-percent-fullwidth non-hundred-percent-height-scrolling\" style=\"--awb-border-radius-top-left:0px;--awb-border-radius-top-right:0px;--awb-border-radius-bottom-right:0px;--awb-border-radius-bottom-left:0px;--awb-flex-wrap:wrap;\" ><div class=\"fusion-builder-row fusion-row\"><div class=\"fusion-layout-column fusion_builder_column fusion-builder-column-0 fusion_builder_column_2_3 2_3 fusion-two-third fusion-column-first\" style=\"--awb-bg-size:cover;width:66.666666666667%;width:calc(66.666666666667% - ( ( 4% ) * 0.66666666666667 ) );margin-right: 4%;\"><div class=\"fusion-column-wrapper fusion-column-has-shadow fusion-flex-column-wrapper-legacy\"><div class=\"fusion-text fusion-text-1\"><h2>Narkose im Alter<\/h2>\n<p>In h\u00f6herem Lebensalter stellen sich immer spezielle Situationen und besondere Bed\u00fcrfnisse ein. Oft gesellen sich im Laufe des Lebens kleinere oder gr\u00f6\u00dfere Vorerkrankung dazu, fast alle nehmen regelm\u00e4\u00dfig Medikamente ein. Manchmal ist man noch gesellschaftlich oder beruflich sehr aktiv, manchmal ist der Alltag auch sehr ruhig geworden. Zum Teil lebt man weiterhin in einer Gemeinschaft, zunehmend sind aber Lebenskonzepte als Single allt\u00e4glich. Alle diese Aspekte machen Sie ganz individuell und einzigartig. Wir wollen Ihnen f\u00fcr Ihre besondere Situation auch eine individuelle L\u00f6sung f\u00fcr die geplante Behandlung anbieten.<\/p>\n<p>Informieren Sie sich \u00fcber die M\u00f6glichkeiten rund um die Behandlung. Nutzen Sie das Angebot eines pers\u00f6nlichen Vorgespr\u00e4ches mit Ihrem An\u00e4sthesisten. Bereiten Sie sich auf dieses Gespr\u00e4ch vor, machen sich Notizen und bringen Sie am besten eine Begleitung mit.<\/p>\n<h4>Vorgespr\u00e4ch<\/h4>\n<p>In diesem Gespr\u00e4ch k\u00f6nnen wir mit Ihnen kl\u00e4ren, ob eine Narkose m\u00f6glich, sinnvoll oder sogar notwendig ist. Wir besprechen dabei Ihre Medikamente, Ihre Vorerkrankungen und die \u00e4rztlichen Befunde. Wir erkl\u00e4ren Ihnen die Regeln und Verhaltensweisen vor und nach der Operation. Wir kl\u00e4ren Sie dabei \u00fcber Vor- und Nachteile der Narkose auf und zeigen Ihnen einen \u201eroten Faden\u201c f\u00fcr den Tag der Operation.<\/p>\n<p>Bringen Sie dazu folgendes mit:<\/p>\n<ul>\n<li>ausgef\u00fcllten Narkosefragebogen<\/li>\n<li>\u00e4rztliche Befunde<\/li>\n<li>Informationen vom Operateur<\/li>\n<li>Ihre Begleitung<\/li>\n<li>Krankenversichertenkarte<\/li>\n<\/ul>\n<h4>Am OP-Tag<\/h4>\n<p>Sie m\u00fcssen am Tag der Operation n\u00fcchtern in unsere Praxis kommen. Sie finden die genaue Beschreibung der N\u00fcchternzeiten unter Narkoseablauf \/ vor der Narkose. Kurz gesagt: Essen ist nur bis 6 Stunden vor der Operation erlaubt, Wasser darf bis 2 Stunden vor der Operation getrunken werden. Die Einnahme der Medikamente haben Sie bereits im Vorgespr\u00e4ch mit Ihrem An\u00e4sthesisten besprochen. Fast alle Medikamente k\u00f6nnen auch am OP-Morgen wie \u00fcblich trotz der N\u00fcchternheit eingenommen werden. Ausnahmen bilden Medikamente gegen Diabetes oder Medikamente zur Ver\u00e4nderung der Blutgerinnung. Die Einnahme dieser Medikamente muss immer individuell besprochen werden.<\/p>\n<h4>W\u00e4hrend der Behandlung<\/h4>\n<p>Unabh\u00e4ngig von der Art der Narkose, werden Sie immer von einem Team der An\u00e4sthesie bestens und l\u00fcckenlos \u00fcberwacht. Ein Facharzt f\u00fcr An\u00e4sthesie und eine Pflegekraft mit besonderer Erfahrung in der An\u00e4sthesie sind zu jeder Zeit an Ihrer Seite. Sie \u00fcberwachen mit Hilfe von \u00dcberwachungsger\u00e4ten Ihren Kreislauf und Ihre Atmung und k\u00f6nnen jederzeit auf Ver\u00e4nderungen Ihres Befindens schnell und zuverl\u00e4ssig reagieren. Ob f\u00fcr Ihre Behandlung eine \u00f6rtliche Bet\u00e4ubung ausreicht, mit einer Analgosedierung Ihr Bewusstseinszustand ged\u00e4mpft wird oder ob eine Vollnarkose geplant ist, richtet sich nach vielen Punkten, u. a. auch nach der Dauer und dem Schweregrad der Operation und nach Ihrem pers\u00f6nlichen Gesundheitszustand. Sie k\u00f6nnen sich aber immer sicher sein, dass wir stets nach einem Grundsatz agieren, so viel wie n\u00f6tig, so wenig wie m\u00f6glich. Die oberste Pr\u00e4misse hat dabei Ihre Sicherheit und die beste Durchf\u00fchrbarkeit der geplanten Behandlung.<\/p>\n<h4>Nach der Behandlung<\/h4>\n<p>Unmittelbar nach der Behandlung werden Sie in unserem \u00dcberwachungsbereich versorgt. Sofern Sie bei der Behandlung geschlafen haben, erreichen Sie hier sehr schnell den vollen Wachzustand. Sie k\u00f6nnen in der Regel innerhalb von 15 Minuten wieder trinken und essen. Sobald alle Kreislauf- und Atmungswerte stabil sind und Sie sich dazu in der Lage f\u00fchlen, k\u00f6nnen Sie unsere Praxis gemeinsam mit Ihrer Begleitung verlassen. Sie d\u00fcrfen in den ersten 24 Stunden nicht eigenst\u00e4ndig am Stra\u00dfenverkehr teilnehmen. Die Nutzung von \u00f6ffentlichen Verkehrsmitteln ist nicht empfehlenswert. Daher sollten Sie stets mit einer kompetenter Begleitung Ihre R\u00fcckreise antreten. Sie bekommen vor Ihrem Heimweg noch weitere Instruktionen und Hinweise zu weiteren Kontrollterminen und zum Umgang mit dem Verband. Nicht zuletzt h\u00e4ndigen wir Ihnen auch Telefonnummern aus, unter denen Sie den Operateur und den An\u00e4sthesisten jederzeit in den ersten 24 Stunden erreichen k\u00f6nnen.<\/p>\n<h4>Zu Hause<\/h4>\n<p>Nach der Behandlung k\u00f6nnen Sie zun\u00e4chst etwas schl\u00e4frig sein oder \u00fcber eine eingeschr\u00e4nkte k\u00f6rperliche und geistige Fitness verf\u00fcgen. Sie sollten daher einen ruhigen Tag einplanen, ohne k\u00f6rperliche oder mentale Herausforderungen. Sie gelten f\u00fcr die ersten 24 Stunden als nicht stra\u00dfenverkehrstauglich und auch als nicht gesch\u00e4ftstauglich. Lassen Sie als Ihr Auto und Ihr Fahrrad stehen und gehen Sie nicht Ihrer Arbeit nach, weder im B\u00fcro noch im Haushalt. Ihre Begleitperson muss Sie \u00fcber die ersten 24 Stunden betreuen, auch \u00fcber Nacht. Es handelt sich hier sowohl um einen sinnvollen Ratschlag zur Vermeidung von Zwischenf\u00e4llen als auch um eine gesetzliche Vorgabe. Ungew\u00f6hnliche Zwischenf\u00e4lle, beispielsweise ein Sturz im eigenen Badezimmer, passieren meist nachts. Daher sollte auch zu dieser Zeit eine Person in Ihrer N\u00e4he sein, die k\u00f6rperlich, geistig und sozial in der Lage ist, einen Notruf zu t\u00e4tigen.<\/p>\n<\/div><div class=\"fusion-sep-clear\"><\/div><div class=\"fusion-separator fusion-full-width-sep\" style=\"margin-left: auto;margin-right: auto;margin-top:20px;width:100%;\"><div class=\"fusion-separator-border sep-single sep-solid\" style=\"--awb-height:20px;--awb-amount:20px;border-color:#e2e2e2;border-top-width:1px;\"><\/div><\/div><div class=\"fusion-sep-clear\"><\/div>\n<div class=\"fusion-text fusion-text-2\"><h5>Weiterf\u00fchrende Informationen<\/h5>\n<\/div>\n<div class=\"fusion-content-boxes content-boxes columns row fusion-columns-2 fusion-columns-total-2 fusion-content-boxes-1 content-boxes-icon-with-title content-left\" style=\"--awb-body-color:#005c75;--awb-title-color:#005c75;--awb-hover-accent-color:#51b747;--awb-circle-hover-accent-color:#51b747;\" data-animationOffset=\"top-into-view\"><div style=\"--awb-backgroundcolor:#ffffff;\" class=\"fusion-column content-box-column content-box-column content-box-column-1 col-lg-6 col-md-6 col-sm-6 fusion-content-box-hover content-box-column-first-in-row\"><div class=\"col content-box-wrapper content-wrapper-background link-area-link-icon link-type-text content-icon-wrapper-yes icon-hover-animation-fade\" data-animationOffset=\"top-into-view\"><div class=\"heading heading-with-icon icon-left\"><a class=\"heading-link\" style=\"float:left;\" href=\"https:\/\/op-zentrum-oldenburg.de\/index.php\/narkosevertraeglichkeit\/\" target=\"_self\"><div class=\"icon\"><span style=\"height:42px;width:42px;line-height:22px;border-color:rgba(255,255,255,0);border-width:1px;border-style:solid;background-color:#005c75;box-sizing:content-box;border-radius:50%;\"><i style=\"border-color:#005c75;border-width:1px;background-color:#005c75;box-sizing:content-box;height:40px;width:40px;line-height:40px;border-radius:50%;position:relative;top:auto;left:auto;margin:0;border-radius:50%;font-size:20px;\" aria-hidden=\"true\" class=\"fontawesome-icon fa-angle-right fas circle-yes\"><\/i><\/span><\/div><h5 class=\"content-box-heading fusion-responsive-typography-calculated\" style=\"--h5_typography-font-size:18px;--fontSize:18;line-height:1.4;\">Narkosevertr\u00e4glichkeit<\/h5><\/a><\/div><div class=\"fusion-clearfix\"><\/div><div class=\"content-container\">\n<p>Sie fragen sich sicherlich, ob eine Narkose im Alter genau so gut vertr\u00e4glich ist, wie bei jungen Menschen? Vielleicht machen Sie sich Sorgen um spezielle Vorerkrankungen? M\u00f6glicherweise haben Sie aber auch Bedenken, ob Sie im Anschluss an die Narkose weiterhin genau so fit sein werden wie zum Zeitpunkt davor oder ob Sie zum Beispiel vergesslich werden k\u00f6nnen.<\/p>\n<\/div><div class=\"fusion-clearfix\"><\/div><a class=\" fusion-read-more\" style=\"float:left;\" href=\"https:\/\/op-zentrum-oldenburg.de\/index.php\/narkosevertraeglichkeit\/\" target=\"_self\">mehr erfahren...<\/a><div class=\"fusion-clearfix\"><\/div><\/div><\/div><div style=\"--awb-backgroundcolor:#ffffff;\" class=\"fusion-column content-box-column content-box-column content-box-column-2 col-lg-6 col-md-6 col-sm-6 fusion-content-box-hover content-box-column-last content-box-column-last-in-row\"><div class=\"col content-box-wrapper content-wrapper-background link-area-link-icon link-type-text content-icon-wrapper-yes icon-hover-animation-fade\" data-animationOffset=\"top-into-view\"><div class=\"heading heading-with-icon icon-left\"><a class=\"heading-link\" style=\"float:left;\" href=\"https:\/\/www.sichere-narkose.de\/index.php\/narkose-fuer-jung-und-alt\/narkose-fuer-senioren\/narkose-im-alter\" target=\"_blank\" rel=\"noopener noreferrer\"><div class=\"icon\"><span style=\"height:42px;width:42px;line-height:22px;border-color:rgba(255,255,255,0);border-width:1px;border-style:solid;background-color:#005c75;box-sizing:content-box;border-radius:50%;\"><i style=\"border-color:#005c75;border-width:1px;background-color:#005c75;box-sizing:content-box;height:40px;width:40px;line-height:40px;border-radius:50%;position:relative;top:auto;left:auto;margin:0;border-radius:50%;font-size:20px;\" aria-hidden=\"true\" class=\"fontawesome-icon fa-angle-right fas circle-yes\"><\/i><\/span><\/div><h5 class=\"content-box-heading fusion-responsive-typography-calculated\" style=\"--h5_typography-font-size:18px;--fontSize:18;line-height:1.4;\">Fortschritt in Medikation und Technik<\/h5><\/a><\/div><div class=\"fusion-clearfix\"><\/div><div class=\"content-container\">\n<p>Durch die Einf\u00fchrung neuer Narkosemedikamente in den letzten zehn Jahren ist die An\u00e4sthesie deutlich sicherer und vertr\u00e4glicher geworden. Ebenfalls erm\u00f6glichen zum Beispiel modernste Ger\u00e4te schonendere Eingriffe und detaillierte Messwerte in Echtzeit.<\/p>\n<p>(externer Link)<\/p>\n<\/div><div class=\"fusion-clearfix\"><\/div><a class=\" fusion-read-more\" style=\"float:left;\" href=\"https:\/\/www.sichere-narkose.de\/index.php\/narkose-fuer-jung-und-alt\/narkose-fuer-senioren\/narkose-im-alter\" target=\"_blank\" rel=\"noopener noreferrer\">mehr erfahren...<\/a><div class=\"fusion-clearfix\"><\/div><\/div><\/div><div class=\"fusion-clearfix\"><\/div><\/div><div class=\"fusion-clearfix\"><\/div><\/div><\/div><div class=\"fusion-layout-column fusion_builder_column fusion-builder-column-1 fusion_builder_column_1_3 1_3 fusion-one-third fusion-column-last\" style=\"--awb-bg-size:cover;width:33.333333333333%;width:calc(33.333333333333% - ( ( 4% ) * 0.33333333333333 ) );\"><div class=\"fusion-column-wrapper fusion-column-has-shadow fusion-flex-column-wrapper-legacy\"><div class=\"fusion-content-boxes content-boxes columns row fusion-columns-1 fusion-columns-total-5 fusion-content-boxes-2 content-boxes-icon-with-title content-left\" style=\"--awb-body-color:#005c75;--awb-title-color:#005c75;--awb-hover-accent-color:#51b747;--awb-circle-hover-accent-color:#51b747;--awb-item-margin-bottom:40px;\" data-animationOffset=\"top-into-view\"><div style=\"--awb-backgroundcolor:#ccdee3;\" class=\"fusion-column content-box-column content-box-column content-box-column-1 col-lg-12 col-md-12 col-sm-12 fusion-content-box-hover content-box-column-last-in-row\"><div class=\"col content-box-wrapper content-wrapper-background link-area-link-icon link-type-text icon-hover-animation-fade\" data-animationOffset=\"top-into-view\"><div class=\"heading heading-with-icon icon-left\"><a class=\"heading-link\" style=\"float:left;\" href=\"https:\/\/op-zentrum-oldenburg.de\/index.php\/praxisrundgang\/\" target=\"_self\"><div class=\"icon\"><i style=\"border-color:#005c75;border-width:0px;background-color:#005c75;box-sizing:content-box;height:40px;width:40px;line-height:40px;border-radius:50%;font-size:20px;\" aria-hidden=\"true\" class=\"fontawesome-icon fa-sync fas circle-yes\"><\/i><\/div><h2 class=\"content-box-heading fusion-responsive-typography-calculated\" style=\"--h2_typography-font-size:24px;--fontSize:24;line-height:1.2;\">Praxisrundgang<\/h2><\/a><\/div><div class=\"fusion-clearfix\"><\/div><div class=\"content-container\">\n<p><a href=\"https:\/\/op-zentrum-oldenburg.de\/index.php\/praxisrundgang\/\" target=\"_blank\" rel=\"noopener noreferrer\"><img decoding=\"async\" class=\"alignnone wp-image-1983 size-full\" src=\"https:\/\/op-zentrum-oldenburg.de\/wp-content\/uploads\/2020\/08\/google-klein.jpg\" alt=\"\" width=\"270\" height=\"173\" srcset=\"https:\/\/op-zentrum-oldenburg.de\/wp-content\/uploads\/2020\/08\/google-klein-200x128.jpg 200w, https:\/\/op-zentrum-oldenburg.de\/wp-content\/uploads\/2020\/08\/google-klein.jpg 270w\" sizes=\"(max-width: 270px) 100vw, 270px\" \/><\/a><\/p>\n<\/div><div class=\"fusion-clearfix\"><\/div><a class=\" fusion-read-more\" style=\"float:left;\" href=\"https:\/\/op-zentrum-oldenburg.de\/index.php\/praxisrundgang\/\" target=\"_self\">Klicken Sie hier<\/a><div class=\"fusion-clearfix\"><\/div><\/div><\/div><div style=\"--awb-backgroundcolor:#d9e7ea;\" class=\"fusion-column content-box-column content-box-column content-box-column-2 col-lg-12 col-md-12 col-sm-12 fusion-content-box-hover content-box-column-last-in-row\"><div class=\"col content-box-wrapper content-wrapper-background link-area-link-icon link-type-text content-icon-wrapper-yes icon-hover-animation-fade\" data-animationOffset=\"top-into-view\"><div class=\"heading heading-with-icon icon-left\"><a class=\"heading-link\" style=\"float:left;\" href=\"https:\/\/op-zentrum-oldenburg.de\/index.php\/stellenangebote\/\" target=\"_self\"><div class=\"icon\"><span style=\"height:40px;width:40px;line-height:20px;border-color:rgba(255,255,255,0);border-width:1px;border-style:solid;background-color:rgba(255,255,255,0);box-sizing:content-box;border-radius:50%;\"><i style=\"border-color:#005c75;border-width:0px;background-color:#005c75;box-sizing:content-box;height:40px;width:40px;line-height:40px;border-radius:50%;position:relative;top:auto;left:auto;margin:0;border-radius:50%;font-size:20px;\" aria-hidden=\"true\" class=\"fontawesome-icon fa-user-md fas circle-yes\"><\/i><\/span><\/div><h2 class=\"content-box-heading fusion-responsive-typography-calculated\" style=\"--h2_typography-font-size:24px;--fontSize:24;line-height:1.2;\">Stellenangebote<\/h2><\/a><\/div><div class=\"fusion-clearfix\"><\/div><div class=\"content-container\">\n<p>Wir freuen wir uns auf Ihre berufliche Fachkompetenz und \u00fcber Ihr pers\u00f6nliches Engagement, Ihr Einf\u00fchlungsverm\u00f6gen und Ihre Teamf\u00e4higkeit.<\/p>\n<\/div><div class=\"fusion-clearfix\"><\/div><a class=\" fusion-read-more\" style=\"float:left;\" href=\"https:\/\/op-zentrum-oldenburg.de\/index.php\/stellenangebote\/\" target=\"_self\">mehr erfahren...<\/a><div class=\"fusion-clearfix\"><\/div><\/div><\/div><div style=\"--awb-backgroundcolor:#e5eff1;\" class=\"fusion-column content-box-column content-box-column content-box-column-3 col-lg-12 col-md-12 col-sm-12 fusion-content-box-hover content-box-column-last-in-row\"><div class=\"col content-box-wrapper content-wrapper-background link-area-link-icon link-type-text icon-hover-animation-fade\" data-animationOffset=\"top-into-view\"><div class=\"heading heading-with-icon icon-left\"><a class=\"heading-link\" style=\"float:left;\" href=\"https:\/\/op-zentrum-oldenburg.de\/index.php\/aerztliche-aufklaerung\/\" target=\"_self\"><div class=\"icon\"><i style=\"border-color:#005c75;border-width:0px;background-color:#005c75;box-sizing:content-box;height:40px;width:40px;line-height:40px;border-radius:50%;font-size:20px;\" aria-hidden=\"true\" class=\"fontawesome-icon fa-edit fas circle-yes\"><\/i><\/div><h2 class=\"content-box-heading fusion-responsive-typography-calculated\" style=\"--h2_typography-font-size:24px;--fontSize:24;line-height:1.2;\">\u00c4rztliche Aufkl\u00e4rung<\/h2><\/a><\/div><div class=\"fusion-clearfix\"><\/div><div class=\"content-container\">\n<p>F\u00fclllen Sie hier Ihren Narkose-Fragebogen aus und senden ihn mit einem Klick direkt an uns zur\u00fcck.<\/p>\n<\/div><div class=\"fusion-clearfix\"><\/div><a class=\" fusion-read-more\" style=\"float:left;\" href=\"https:\/\/op-zentrum-oldenburg.de\/index.php\/aerztliche-aufklaerung\/\" target=\"_self\">digitaler Narkose-Fragebogen<\/a><div class=\"fusion-clearfix\"><\/div><\/div><\/div><div style=\"--awb-backgroundcolor:#ecf3f4;\" class=\"fusion-column content-box-column content-box-column content-box-column-4 col-lg-12 col-md-12 col-sm-12 fusion-content-box-hover content-box-column-last-in-row\"><div class=\"col content-box-wrapper content-wrapper-background link-area-link-icon link-type-text icon-hover-animation-fade\" data-animationOffset=\"top-into-view\"><div class=\"heading heading-with-icon icon-left\"><a class=\"heading-link\" style=\"float:left;\" href=\"https:\/\/op-zentrum-oldenburg.de\/index.php\/terminbuchung\/\" target=\"_self\"><div class=\"icon\"><i style=\"border-color:#005c75;border-width:0px;background-color:#005c75;box-sizing:content-box;height:40px;width:40px;line-height:40px;border-radius:50%;font-size:20px;\" aria-hidden=\"true\" class=\"fontawesome-icon fa-calendar-alt fas circle-yes\"><\/i><\/div><h2 class=\"content-box-heading fusion-responsive-typography-calculated\" style=\"--h2_typography-font-size:24px;--fontSize:24;line-height:1.2;\">Online Termin<\/h2><\/a><\/div><div class=\"fusion-clearfix\"><\/div><div class=\"content-container\">\n<p>Terminvereinbarung online in 5 Minuten, ohne Wartezeiten und rund um die Uhr.<\/p>\n<\/div><div class=\"fusion-clearfix\"><\/div><a class=\" fusion-read-more\" style=\"float:left;\" href=\"https:\/\/op-zentrum-oldenburg.de\/index.php\/terminbuchung\/\" target=\"_self\">Praxis-Termin online buchen<\/a><div class=\"fusion-clearfix\"><\/div><\/div><\/div><div style=\"--awb-backgroundcolor:#f2f7f8;\" class=\"fusion-column content-box-column content-box-column content-box-column-5 col-lg-12 col-md-12 col-sm-12 fusion-content-box-hover content-box-column-last content-box-column-last-in-row\"><div class=\"col content-box-wrapper content-wrapper-background link-area-link-icon link-type-text icon-hover-animation-fade\" data-animationOffset=\"top-into-view\"><div class=\"heading heading-with-icon icon-left\"><a class=\"heading-link\" style=\"float:left;\" href=\"https:\/\/op-zentrum-oldenburg.de\/index.php\/aktuelles\/\" target=\"_self\"><div class=\"icon\"><i style=\"border-color:#005c75;border-width:0px;background-color:#005c75;box-sizing:content-box;height:40px;width:40px;line-height:40px;border-radius:50%;font-size:20px;\" aria-hidden=\"true\" class=\"fontawesome-icon fa-glasses fas circle-yes\"><\/i><\/div><h2 class=\"content-box-heading fusion-responsive-typography-calculated\" style=\"--h2_typography-font-size:24px;--fontSize:24;line-height:1.2;\">Aktuelles<\/h2><\/a><\/div><div class=\"fusion-clearfix\"><\/div><div class=\"content-container\">\n<p>Hier finden Sie aktuelle Informationen zu Covid-19, An\u00e4sthesie und mehr\u2026<\/p>\n<\/div><div class=\"fusion-clearfix\"><\/div><a class=\" fusion-read-more\" style=\"float:left;\" href=\"https:\/\/op-zentrum-oldenburg.de\/index.php\/aktuelles\/\" target=\"_self\">Zur Seite Aktuelles<\/a><div class=\"fusion-clearfix\"><\/div><\/div><\/div><div class=\"fusion-clearfix\"><\/div><\/div><div class=\"fusion-clearfix\"><\/div><\/div><\/div>\n<\/div><\/div>\n","protected":false},"excerpt":{"rendered":"","protected":false},"author":1,"featured_media":0,"parent":0,"menu_order":0,"comment_status":"closed","ping_status":"closed","template":"","meta":{"footnotes":""},"class_list":["post-376","page","type-page","status-publish","hentry"],"_links":{"self":[{"href":"https:\/\/op-zentrum-oldenburg.de\/index.php\/wp-json\/wp\/v2\/pages\/376","targetHints":{"allow":["GET"]}}],"collection":[{"href":"https:\/\/op-zentrum-oldenburg.de\/index.php\/wp-json\/wp\/v2\/pages"}],"about":[{"href":"https:\/\/op-zentrum-oldenburg.de\/index.php\/wp-json\/wp\/v2\/types\/page"}],"author":[{"embeddable":true,"href":"https:\/\/op-zentrum-oldenburg.de\/index.php\/wp-json\/wp\/v2\/users\/1"}],"replies":[{"embeddable":true,"href":"https:\/\/op-zentrum-oldenburg.de\/index.php\/wp-json\/wp\/v2\/comments?post=376"}],"version-history":[{"count":11,"href":"https:\/\/op-zentrum-oldenburg.de\/index.php\/wp-json\/wp\/v2\/pages\/376\/revisions"}],"predecessor-version":[{"id":1693,"href":"https:\/\/op-zentrum-oldenburg.de\/index.php\/wp-json\/wp\/v2\/pages\/376\/revisions\/1693"}],"wp:attachment":[{"href":"https:\/\/op-zentrum-oldenburg.de\/index.php\/wp-json\/wp\/v2\/media?parent=376"}],"curies":[{"name":"wp","href":"https:\/\/api.w.org\/{rel}","templated":true}]}}