{"id":92,"date":"2020-03-02T12:24:37","date_gmt":"2020-03-02T11:24:37","guid":{"rendered":"https:\/\/op-zentrum-oldenburg.de\/?page_id=92"},"modified":"2026-02-17T11:46:44","modified_gmt":"2026-02-17T10:46:44","slug":"patientenzufriedenheit","status":"publish","type":"page","link":"https:\/\/op-zentrum-oldenburg.de\/index.php\/patientenzufriedenheit\/","title":{"rendered":"Patientenzufriedenheit"},"content":{"rendered":"<div class=\"fusion-fullwidth fullwidth-box fusion-builder-row-1 nonhundred-percent-fullwidth non-hundred-percent-height-scrolling\" style=\"--awb-border-radius-top-left:0px;--awb-border-radius-top-right:0px;--awb-border-radius-bottom-right:0px;--awb-border-radius-bottom-left:0px;--awb-flex-wrap:wrap;\" ><div class=\"fusion-builder-row fusion-row\"><div class=\"fusion-layout-column fusion_builder_column fusion-builder-column-0 fusion_builder_column_2_3 2_3 fusion-two-third fusion-column-first\" style=\"--awb-bg-size:cover;width:66.666666666667%;width:calc(66.666666666667% - ( ( 4% ) * 0.66666666666667 ) );margin-right: 4%;\"><div class=\"fusion-column-wrapper fusion-column-has-shadow fusion-flex-column-wrapper-legacy\"><div class=\"fusion-text fusion-text-1\"><h2>Patientenzufriedenheit<\/h2>\n<p>Wir f\u00fchren in unserer Praxis kontinuierlich Patientenbefragungen durch. Wir versuchen dabei eine repr\u00e4sentative Situation abzubilden. Dabei widmen uns insbesondere den Prozeduren, die wir f\u00fcr besonders anf\u00e4llig f\u00fcr St\u00f6rungen halten. Die Befragung ist selbstverst\u00e4ndlich freiwillig und kann bereits direkt vor der Entlassung erfolgen. Hierbei werden einige wenige Fragen auf einem elektronischen Schreibfeld mit Klicks beantwortet.<\/p>\n<p>Folgende Themenbereiche werden dabei besonders abgefragt und ausgewertet:<\/p>\n<ul>\n<li>Informations\u00fcbermittlung<\/li>\n<li>k\u00f6rperliche Beschwerden<\/li>\n<li>Kommunikation<\/li>\n<li>Schmerzen<\/li>\n<li>Autonomie<\/li>\n<li>Ruhe \/ Regeneration<\/li>\n<li>Angst<\/li>\n<li>Hotelleistung<\/li>\n<\/ul>\n<h6>viele Bestnoten vergeben<\/h6>\n<p>Im Folgenden k\u00f6nnen Sie einen kurzen Einblick in die Ergebnisse der Befragungen gewinnen. Dabei werden seitens der Patienten sehr viele Bestnoten vergeben.<\/p>\n<p>Die Patienten f\u00fchlen sich in unserer Praxis sehr gut versorgt und aufgehoben.<br \/>\nDer Umgang mit Patienten, der Informationsfluss zwischen den \u00c4rzten \/ Pflegepersonal und dem Patienten wird als sehr gut empfunden.<br \/>\nDie Beschwerden nach erfolgter Operation \/ Narkose sind minimal.<br \/>\nSchmerzen spielten nur eine sehr geringe Rolle.<br \/>\nDie Patienten erlangen in einer angenehmer Atmosph\u00e4re sehr schnell Ihre Eigenst\u00e4ndigkeit wieder.<br \/>\nNat\u00fcrlich begleiten die Patienten auch Sorgen und Angst vor dem geplanten Eingriff. Aber auch in diesem Zusammenhang f\u00fchlen sich die Patienten im An\u00e4sthesiezentrum Oldenburg weniger \u00e4ngstlich als in den Vergleichskliniken.<\/p>\n<h6>hohe Versorgungsqualit\u00e4t bei ambulanten Operationen<\/h6>\n<p>Dies verdeutlicht die hohe Versorgungsqualit\u00e4t bei ambulanten Operationen in unserem An\u00e4sthesiezentrum, die Sicherheit dieser Verfahren und hohe Patientenzufriedenheit nach den erfolgten Eingriffen.<\/p>\n<\/div><div class=\"fusion-sep-clear\"><\/div><div class=\"fusion-separator fusion-full-width-sep\" style=\"margin-left: auto;margin-right: auto;margin-top:20px;width:100%;\"><div class=\"fusion-separator-border sep-single sep-solid\" style=\"--awb-height:20px;--awb-amount:20px;border-color:#e2e2e2;border-top-width:1px;\"><\/div><\/div><div class=\"fusion-sep-clear\"><\/div>\n<div class=\"fusion-text fusion-text-2\"><h5>Weiterf\u00fchrende Informationen<\/h5>\n<\/div>\n<div class=\"fusion-content-boxes content-boxes columns row fusion-columns-2 fusion-columns-total-2 fusion-content-boxes-1 content-boxes-icon-with-title content-left\" style=\"--awb-body-color:#005c75;--awb-title-color:#005c75;--awb-hover-accent-color:#51b747;--awb-circle-hover-accent-color:#51b747;\" data-animationOffset=\"top-into-view\"><div style=\"--awb-backgroundcolor:#ffffff;\" class=\"fusion-column content-box-column content-box-column content-box-column-1 col-lg-6 col-md-6 col-sm-6 fusion-content-box-hover content-box-column-first-in-row\"><div class=\"col content-box-wrapper content-wrapper-background link-area-link-icon link-type-text content-icon-wrapper-yes icon-hover-animation-fade\" data-animationOffset=\"top-into-view\"><div class=\"heading heading-with-icon icon-left\"><a class=\"heading-link\" style=\"float:left;\" href=\"https:\/\/op-zentrum-oldenburg.de\/index.php\/patientensicherheit\/\" target=\"_self\"><div class=\"icon\"><span style=\"height:42px;width:42px;line-height:22px;border-color:rgba(255,255,255,0);border-width:1px;border-style:solid;background-color:#005c75;box-sizing:content-box;border-radius:50%;\"><i style=\"border-color:#005c75;border-width:1px;background-color:#005c75;box-sizing:content-box;height:40px;width:40px;line-height:40px;border-radius:50%;position:relative;top:auto;left:auto;margin:0;border-radius:50%;font-size:20px;\" aria-hidden=\"true\" class=\"fontawesome-icon fa-angle-right fas circle-yes\"><\/i><\/span><\/div><h5 class=\"content-box-heading fusion-responsive-typography-calculated\" style=\"--h5_typography-font-size:18px;--fontSize:18;line-height:1.4;\">Patientensicherheit<\/h5><\/a><\/div><div class=\"fusion-clearfix\"><\/div><div class=\"content-container\">\n<p>Sicherheit und auch insbesondere die Patientensicherheit sind allerdings kein Selbstverst\u00e4ndnis und passieren nicht von selbst. Um einen m\u00f6glichst hohen Sicherheitsgrad in dem gesamten Behandlungsablauf zu erreichen sind viele Aspekte wichtig und unumg\u00e4nglich.<\/p>\n<\/div><div class=\"fusion-clearfix\"><\/div><a class=\" fusion-read-more\" style=\"float:left;\" href=\"https:\/\/op-zentrum-oldenburg.de\/index.php\/patientensicherheit\/\" target=\"_self\">mehr erfahren...<\/a><div class=\"fusion-clearfix\"><\/div><\/div><\/div><div style=\"--awb-backgroundcolor:#ffffff;\" class=\"fusion-column content-box-column content-box-column content-box-column-2 col-lg-6 col-md-6 col-sm-6 fusion-content-box-hover content-box-column-last content-box-column-last-in-row\"><div class=\"col content-box-wrapper content-wrapper-background link-area-link-icon link-type-text content-icon-wrapper-yes icon-hover-animation-fade\" data-animationOffset=\"top-into-view\"><div class=\"heading heading-with-icon icon-left\"><a class=\"heading-link\" style=\"float:left;\" href=\"https:\/\/www.aerzteblatt.de\/news\/forschungsgruppe-erarbeitet-empfehlungen-fur-die-zeit-nach-einer-ambulanten-op-c89175d9-9dc6-4d41-b181-90dda7b670fe\" target=\"_blank\" rel=\"noopener noreferrer\"><div class=\"icon\"><span style=\"height:42px;width:42px;line-height:22px;border-color:rgba(255,255,255,0);border-width:1px;border-style:solid;background-color:#005c75;box-sizing:content-box;border-radius:50%;\"><i style=\"border-color:#005c75;border-width:1px;background-color:#005c75;box-sizing:content-box;height:40px;width:40px;line-height:40px;border-radius:50%;position:relative;top:auto;left:auto;margin:0;border-radius:50%;font-size:20px;\" aria-hidden=\"true\" class=\"fontawesome-icon fa-angle-right fas circle-yes\"><\/i><\/span><\/div><h5 class=\"content-box-heading fusion-responsive-typography-calculated\" style=\"--h5_typography-font-size:18px;--fontSize:18;line-height:1.4;\">Empfehlungen f\u00fcr die Zeit nach einer ambulanten OP<\/h5><\/a><\/div><div class=\"fusion-clearfix\"><\/div><div class=\"content-container\">\n<p>Gesundheitspolitische Handlungsempfehlungen und Patientenempfehlungen zu der Genesungsphase nach einer ambulanten Operation erarbeitet eine Arbeitsgruppe der Universit\u00e4t Duisburg-Essen.<\/p>\n<p>(externer Link)<\/p>\n<\/div><div class=\"fusion-clearfix\"><\/div><a class=\" fusion-read-more\" style=\"float:left;\" href=\"https:\/\/www.aerzteblatt.de\/news\/forschungsgruppe-erarbeitet-empfehlungen-fur-die-zeit-nach-einer-ambulanten-op-c89175d9-9dc6-4d41-b181-90dda7b670fe\" target=\"_blank\" rel=\"noopener noreferrer\">mehr erfahren...<\/a><div class=\"fusion-clearfix\"><\/div><\/div><\/div><div class=\"fusion-clearfix\"><\/div><\/div><div class=\"fusion-clearfix\"><\/div><\/div><\/div><div class=\"fusion-layout-column fusion_builder_column fusion-builder-column-1 fusion_builder_column_1_3 1_3 fusion-one-third fusion-column-last\" style=\"--awb-bg-size:cover;width:33.333333333333%;width:calc(33.333333333333% - ( ( 4% ) * 0.33333333333333 ) );\"><div class=\"fusion-column-wrapper fusion-column-has-shadow fusion-flex-column-wrapper-legacy\"><div class=\"fusion-content-boxes content-boxes columns row fusion-columns-1 fusion-columns-total-5 fusion-content-boxes-2 content-boxes-icon-with-title content-left\" style=\"--awb-body-color:#005c75;--awb-title-color:#005c75;--awb-hover-accent-color:#51b747;--awb-circle-hover-accent-color:#51b747;--awb-item-margin-bottom:40px;\" data-animationOffset=\"top-into-view\"><div style=\"--awb-backgroundcolor:#ccdee3;\" class=\"fusion-column content-box-column content-box-column content-box-column-1 col-lg-12 col-md-12 col-sm-12 fusion-content-box-hover content-box-column-last-in-row\"><div class=\"col content-box-wrapper content-wrapper-background link-area-link-icon link-type-text icon-hover-animation-fade\" data-animationOffset=\"top-into-view\"><div class=\"heading heading-with-icon icon-left\"><a class=\"heading-link\" style=\"float:left;\" href=\"https:\/\/op-zentrum-oldenburg.de\/index.php\/praxisrundgang\/\" target=\"_self\"><div class=\"icon\"><i style=\"border-color:#005c75;border-width:0px;background-color:#005c75;box-sizing:content-box;height:40px;width:40px;line-height:40px;border-radius:50%;font-size:20px;\" aria-hidden=\"true\" class=\"fontawesome-icon fa-sync fas circle-yes\"><\/i><\/div><h2 class=\"content-box-heading fusion-responsive-typography-calculated\" style=\"--h2_typography-font-size:24px;--fontSize:24;line-height:1.2;\">Praxisrundgang<\/h2><\/a><\/div><div class=\"fusion-clearfix\"><\/div><div class=\"content-container\">\n<p><a href=\"https:\/\/op-zentrum-oldenburg.de\/index.php\/praxisrundgang\/\" target=\"_blank\" rel=\"noopener noreferrer\"><img decoding=\"async\" class=\"alignnone wp-image-1983 size-full\" src=\"https:\/\/op-zentrum-oldenburg.de\/wp-content\/uploads\/2020\/08\/google-klein.jpg\" alt=\"\" width=\"270\" height=\"173\" srcset=\"https:\/\/op-zentrum-oldenburg.de\/wp-content\/uploads\/2020\/08\/google-klein-200x128.jpg 200w, https:\/\/op-zentrum-oldenburg.de\/wp-content\/uploads\/2020\/08\/google-klein.jpg 270w\" sizes=\"(max-width: 270px) 100vw, 270px\" \/><\/a><\/p>\n<\/div><div class=\"fusion-clearfix\"><\/div><a class=\" fusion-read-more\" style=\"float:left;\" href=\"https:\/\/op-zentrum-oldenburg.de\/index.php\/praxisrundgang\/\" target=\"_self\">Klicken Sie hier<\/a><div class=\"fusion-clearfix\"><\/div><\/div><\/div><div style=\"--awb-backgroundcolor:#d9e7ea;\" class=\"fusion-column content-box-column content-box-column content-box-column-2 col-lg-12 col-md-12 col-sm-12 fusion-content-box-hover content-box-column-last-in-row\"><div class=\"col content-box-wrapper content-wrapper-background link-area-link-icon link-type-text content-icon-wrapper-yes icon-hover-animation-fade\" data-animationOffset=\"top-into-view\"><div class=\"heading heading-with-icon icon-left\"><a class=\"heading-link\" style=\"float:left;\" href=\"https:\/\/op-zentrum-oldenburg.de\/index.php\/stellenangebote\/\" target=\"_self\"><div class=\"icon\"><span style=\"height:40px;width:40px;line-height:20px;border-color:rgba(255,255,255,0);border-width:1px;border-style:solid;background-color:rgba(255,255,255,0);box-sizing:content-box;border-radius:50%;\"><i style=\"border-color:#005c75;border-width:0px;background-color:#005c75;box-sizing:content-box;height:40px;width:40px;line-height:40px;border-radius:50%;position:relative;top:auto;left:auto;margin:0;border-radius:50%;font-size:20px;\" aria-hidden=\"true\" class=\"fontawesome-icon fa-user-md fas circle-yes\"><\/i><\/span><\/div><h2 class=\"content-box-heading fusion-responsive-typography-calculated\" style=\"--h2_typography-font-size:24px;--fontSize:24;line-height:1.2;\">Stellenangebote<\/h2><\/a><\/div><div class=\"fusion-clearfix\"><\/div><div class=\"content-container\">\n<p>Wir freuen wir uns auf Ihre berufliche Fachkompetenz und \u00fcber Ihr pers\u00f6nliches Engagement, Ihr Einf\u00fchlungsverm\u00f6gen und Ihre Teamf\u00e4higkeit.<\/p>\n<\/div><div class=\"fusion-clearfix\"><\/div><a class=\" fusion-read-more\" style=\"float:left;\" href=\"https:\/\/op-zentrum-oldenburg.de\/index.php\/stellenangebote\/\" target=\"_self\">mehr erfahren...<\/a><div class=\"fusion-clearfix\"><\/div><\/div><\/div><div style=\"--awb-backgroundcolor:#e5eff1;\" class=\"fusion-column content-box-column content-box-column content-box-column-3 col-lg-12 col-md-12 col-sm-12 fusion-content-box-hover content-box-column-last-in-row\"><div class=\"col content-box-wrapper content-wrapper-background link-area-link-icon link-type-text icon-hover-animation-fade\" data-animationOffset=\"top-into-view\"><div class=\"heading heading-with-icon icon-left\"><a class=\"heading-link\" style=\"float:left;\" href=\"https:\/\/op-zentrum-oldenburg.de\/index.php\/aerztliche-aufklaerung\/\" target=\"_self\"><div class=\"icon\"><i style=\"border-color:#005c75;border-width:0px;background-color:#005c75;box-sizing:content-box;height:40px;width:40px;line-height:40px;border-radius:50%;font-size:20px;\" aria-hidden=\"true\" class=\"fontawesome-icon fa-edit fas circle-yes\"><\/i><\/div><h2 class=\"content-box-heading fusion-responsive-typography-calculated\" style=\"--h2_typography-font-size:24px;--fontSize:24;line-height:1.2;\">\u00c4rztliche Aufkl\u00e4rung<\/h2><\/a><\/div><div class=\"fusion-clearfix\"><\/div><div class=\"content-container\">\n<p>F\u00fclllen Sie hier Ihren Narkose-Fragebogen aus und senden ihn mit einem Klick direkt an uns zur\u00fcck.<\/p>\n<\/div><div class=\"fusion-clearfix\"><\/div><a class=\" fusion-read-more\" style=\"float:left;\" href=\"https:\/\/op-zentrum-oldenburg.de\/index.php\/aerztliche-aufklaerung\/\" target=\"_self\">digitaler Narkose-Fragebogen<\/a><div class=\"fusion-clearfix\"><\/div><\/div><\/div><div style=\"--awb-backgroundcolor:#ecf3f4;\" class=\"fusion-column content-box-column content-box-column content-box-column-4 col-lg-12 col-md-12 col-sm-12 fusion-content-box-hover content-box-column-last-in-row\"><div class=\"col content-box-wrapper content-wrapper-background link-area-link-icon link-type-text icon-hover-animation-fade\" data-animationOffset=\"top-into-view\"><div class=\"heading heading-with-icon icon-left\"><a class=\"heading-link\" style=\"float:left;\" href=\"https:\/\/op-zentrum-oldenburg.de\/index.php\/terminbuchung\/\" target=\"_self\"><div class=\"icon\"><i style=\"border-color:#005c75;border-width:0px;background-color:#005c75;box-sizing:content-box;height:40px;width:40px;line-height:40px;border-radius:50%;font-size:20px;\" aria-hidden=\"true\" class=\"fontawesome-icon fa-calendar-alt fas circle-yes\"><\/i><\/div><h2 class=\"content-box-heading fusion-responsive-typography-calculated\" style=\"--h2_typography-font-size:24px;--fontSize:24;line-height:1.2;\">Online Termin<\/h2><\/a><\/div><div class=\"fusion-clearfix\"><\/div><div class=\"content-container\">\n<p>Terminvereinbarung online in 5 Minuten, ohne Wartezeiten und rund um die Uhr.<\/p>\n<\/div><div class=\"fusion-clearfix\"><\/div><a class=\" fusion-read-more\" style=\"float:left;\" href=\"https:\/\/op-zentrum-oldenburg.de\/index.php\/terminbuchung\/\" target=\"_self\">Praxis-Termin online buchen<\/a><div class=\"fusion-clearfix\"><\/div><\/div><\/div><div style=\"--awb-backgroundcolor:#f2f7f8;\" class=\"fusion-column content-box-column content-box-column content-box-column-5 col-lg-12 col-md-12 col-sm-12 fusion-content-box-hover content-box-column-last content-box-column-last-in-row\"><div class=\"col content-box-wrapper content-wrapper-background link-area-link-icon link-type-text icon-hover-animation-fade\" data-animationOffset=\"top-into-view\"><div class=\"heading heading-with-icon icon-left\"><a class=\"heading-link\" style=\"float:left;\" href=\"https:\/\/op-zentrum-oldenburg.de\/index.php\/aktuelles\/\" target=\"_self\"><div class=\"icon\"><i style=\"border-color:#005c75;border-width:0px;background-color:#005c75;box-sizing:content-box;height:40px;width:40px;line-height:40px;border-radius:50%;font-size:20px;\" aria-hidden=\"true\" class=\"fontawesome-icon fa-glasses fas circle-yes\"><\/i><\/div><h2 class=\"content-box-heading fusion-responsive-typography-calculated\" style=\"--h2_typography-font-size:24px;--fontSize:24;line-height:1.2;\">Aktuelles<\/h2><\/a><\/div><div class=\"fusion-clearfix\"><\/div><div class=\"content-container\">\n<p>Hier finden Sie aktuelle Informationen zu Covid-19, An\u00e4sthesie und mehr\u2026<\/p>\n<\/div><div class=\"fusion-clearfix\"><\/div><a class=\" fusion-read-more\" style=\"float:left;\" href=\"https:\/\/op-zentrum-oldenburg.de\/index.php\/aktuelles\/\" target=\"_self\">Zur Seite Aktuelles<\/a><div class=\"fusion-clearfix\"><\/div><\/div><\/div><div class=\"fusion-clearfix\"><\/div><\/div><div class=\"fusion-clearfix\"><\/div><\/div><\/div>\n<\/div><\/div>\n","protected":false},"excerpt":{"rendered":"","protected":false},"author":1,"featured_media":0,"parent":0,"menu_order":0,"comment_status":"closed","ping_status":"closed","template":"","meta":{"footnotes":""},"class_list":["post-92","page","type-page","status-publish","hentry"],"_links":{"self":[{"href":"https:\/\/op-zentrum-oldenburg.de\/index.php\/wp-json\/wp\/v2\/pages\/92","targetHints":{"allow":["GET"]}}],"collection":[{"href":"https:\/\/op-zentrum-oldenburg.de\/index.php\/wp-json\/wp\/v2\/pages"}],"about":[{"href":"https:\/\/op-zentrum-oldenburg.de\/index.php\/wp-json\/wp\/v2\/types\/page"}],"author":[{"embeddable":true,"href":"https:\/\/op-zentrum-oldenburg.de\/index.php\/wp-json\/wp\/v2\/users\/1"}],"replies":[{"embeddable":true,"href":"https:\/\/op-zentrum-oldenburg.de\/index.php\/wp-json\/wp\/v2\/comments?post=92"}],"version-history":[{"count":14,"href":"https:\/\/op-zentrum-oldenburg.de\/index.php\/wp-json\/wp\/v2\/pages\/92\/revisions"}],"predecessor-version":[{"id":2418,"href":"https:\/\/op-zentrum-oldenburg.de\/index.php\/wp-json\/wp\/v2\/pages\/92\/revisions\/2418"}],"wp:attachment":[{"href":"https:\/\/op-zentrum-oldenburg.de\/index.php\/wp-json\/wp\/v2\/media?parent=92"}],"curies":[{"name":"wp","href":"https:\/\/api.w.org\/{rel}","templated":true}]}}